{"id":600,"date":"2024-04-15T19:37:14","date_gmt":"2024-04-15T19:37:14","guid":{"rendered":"https:\/\/wingchunmind.com\/product\/single-wall-boxsack\/"},"modified":"2024-07-26T12:59:50","modified_gmt":"2024-07-26T12:59:50","slug":"single-wall-boxsack","status":"publish","type":"product","link":"https:\/\/wingchunmind.com\/de\/produkt\/single-wall-boxsack\/","title":{"rendered":"Single Wall Boxsack"},"content":{"rendered":"<p><span class=\"\">Traditionelle chinesische Wandboxs\u00e4cke, wie die Wing Chun Wandboxs\u00e4cke, spielen eine wichtige Rolle im Kampfsporttraining und bieten eine einzigartige und effektive M\u00f6glichkeit, Schlagfertigkeit, Kraft und Pr\u00e4zision zu entwickeln.  <\/span><\/p>\n<p><span class=\"\">Diese Taschen werden nicht nur im Wing Chun Kung Fu verwendet, sondern auch in verschiedenen anderen traditionellen chinesischen Kampfkunststilen.<\/span><\/p>\n<p><span class=\"\">Die Konstruktion dieser Wandboxs\u00e4cke besteht aus einer robusten Au\u00dfenh\u00fclle aus Segeltuch mit einer PU-Lederoberfl\u00e4che, die Sie (oder wir) mit Materialien wie Sand, Bohnen oder Reis f\u00fcllen k\u00f6nnen, um den Widerstand und die R\u00fcckkopplung bei Schl\u00e4gen zu erh\u00f6hen. Sie werden in unterschiedlichen H\u00f6hen sicher an den W\u00e4nden befestigt, um verschiedenen Trainingsanforderungen und -techniken gerecht zu werden.<\/span><\/p>\n<p><span class=\"\">Trainierende verwenden diese Wands\u00e4cke, um ihre Schlagtechniken zu verfeinern, die Hand-Augen-Koordination zu verbessern und ihre Arme, Schultern und Kernmuskeln zu st\u00e4rken. Der wiederholte Aufprall auf den Sandsack hilft dabei, das Muskelged\u00e4chtnis, die Geschwindigkeit und die Genauigkeit bei den Schl\u00e4gen zu entwickeln.  <\/span><\/p>\n<p><span class=\"\">Au\u00dferdem kann das Training mit Wandboxs\u00e4cken den Fokus, die Konzentration und die mentale Disziplin verbessern.<\/span> <span class=\"\">In den traditionellen chinesischen Kampfk\u00fcnsten dient der Wandboxsack als vielseitiges Hilfsmittel zum \u00dcben einer breiten Palette von Schl\u00e4gen, darunter Schl\u00e4ge, Handfl\u00e4chenschl\u00e4ge, Ellbogenschl\u00e4ge und Tritte.  <\/span><\/p>\n<p><span class=\"\">Durch konsequentes Training an diesen S\u00e4cken k\u00f6nnen Kampfsportler ihre Techniken verfeinern, ihre Kraft und Geschwindigkeit steigern und die richtige K\u00f6rpermechanik kultivieren, die f\u00fcr eine effektive Selbstverteidigung und Kampff\u00e4higkeit unerl\u00e4sslich ist.<\/span><\/p>\n","protected":false},"excerpt":{"rendered":"<p>Traditionelle chinesische Wandboxs\u00e4cke, wie die Wing Chun Wandboxs\u00e4cke, spielen eine wichtige Rolle im Kampfsporttraining und bieten eine einzigartige und effektive M\u00f6glichkeit, Schlagfertigkeit, Kraft und Pr\u00e4zision zu entwickeln. Diese Taschen werden nicht nur im Wing Chun Kung Fu verwendet, sondern auch in verschiedenen anderen traditionellen chinesischen Kampfkunststilen. Die Konstruktion dieser Wandboxs\u00e4cke besteht aus einer robusten Au\u00dfenh\u00fclle [&hellip;]<\/p>\n","protected":false},"featured_media":0,"template":"","meta":{"_acf_changed":false},"product_cat":[60],"product_tag":[],"class_list":{"0":"post-600","1":"product","2":"type-product","3":"status-publish","5":"product_cat-trainingsgerate","7":"first","8":"instock","9":"taxable","10":"shipping-taxable","11":"purchasable","12":"product-type-variable"},"acf":[],"_links":{"self":[{"href":"https:\/\/wingchunmind.com\/de\/wp-json\/wp\/v2\/product\/600","targetHints":{"allow":["GET"]}}],"collection":[{"href":"https:\/\/wingchunmind.com\/de\/wp-json\/wp\/v2\/product"}],"about":[{"href":"https:\/\/wingchunmind.com\/de\/wp-json\/wp\/v2\/types\/product"}],"wp:attachment":[{"href":"https:\/\/wingchunmind.com\/de\/wp-json\/wp\/v2\/media?parent=600"}],"wp:term":[{"taxonomy":"product_cat","embeddable":true,"href":"https:\/\/wingchunmind.com\/de\/wp-json\/wp\/v2\/product_cat?post=600"},{"taxonomy":"product_tag","embeddable":true,"href":"https:\/\/wingchunmind.com\/de\/wp-json\/wp\/v2\/product_tag?post=600"}],"curies":[{"name":"wp","href":"https:\/\/api.w.org\/{rel}","templated":true}]}}