{"id":642,"date":"2024-04-15T19:20:24","date_gmt":"2024-04-15T19:20:24","guid":{"rendered":"https:\/\/wingchunmind.com\/product\/chinesisches-steinschloss\/"},"modified":"2024-07-26T12:59:50","modified_gmt":"2024-07-26T12:59:50","slug":"chinesisches-steinschloss","status":"publish","type":"product","link":"https:\/\/wingchunmind.com\/de\/produkt\/chinesisches-steinschloss\/","title":{"rendered":"Chinesisches Steinschloss"},"content":{"rendered":"<p>Chinese Stone Locks, auch bekannt als chinesische Kettlebells. Diese Dinger gibt es schon seit dem alten China, und sie sind nicht nur eine Attraktion &#8211; sie sind das einzig Wahre f\u00fcr ein ernsthaftes Krafttraining. Unsere Steinschl\u00f6sser sind aus blauem Stein gefertigt. Sie sehen aus wie Glocken ohne Kl\u00f6ppel und werden in China seit Jahrhunderten von Kampfsportlern verwendet.<\/p>\n<div class=\"flex flex-grow flex-col max-w-full\">\n<div class=\"min-h-[20px] text-message flex flex-col items-start whitespace-pre-wrap break-words [.text-message+&amp;]:mt-5 juice:w-full juice:items-end overflow-x-auto gap-2\" dir=\"auto\" data-message-author-role=\"assistant\" data-message-id=\"7fbde326-667a-4e2c-86a8-8d3b8943cfb7\">\n<div class=\"flex w-full flex-col gap-1 juice:empty:hidden juice:first:pt-[3px]\">\n<div class=\"markdown prose w-full break-words dark:prose-invert dark\">\n<p>Ich erinnere mich an das erste Mal, als ich ein Steinschloss in die Hand nahm; es f\u00fchlte sich an, als hielte ich ein St\u00fcck Geschichte in der Hand. Diese Gewichte sind perfekt f\u00fcr \u00dcbungen wie Schwingen, Rei\u00dfen und Pressen. Sie helfen, Ihre Kraft und allgemeine Fitness zu verbessern. Erh\u00e4ltlich mit Gewichten von 5 kg bis 15 kg, ist f\u00fcr jeden das Richtige dabei, ganz gleich, wie viel Erfahrung Sie haben.<\/p>\n<p>Bei der Anwendung von Chinese Stone Locks geht es nicht nur um Muskelaufbau. In der traditionellen chinesischen Medizin geht man davon aus, dass sie die Energie Ihres K\u00f6rpers ausgleichen, die Durchblutung verbessern und Muskeln und Knochen st\u00e4rken. Es ist wie ein Workout und ein Gesundheitsschub in einem.<\/p>\n<p>Diese Gewichte haben auch ihren Weg in das moderne Kettlebell-Training gefunden. Die Menschen auf der ganzen Welt erkennen, wie effektiv sie Kraft und Ausdauer verbessern k\u00f6nnen. Und sie sind nicht nur f\u00fcr die Kampfsportler unter uns &#8211; sie sind f\u00fcr jeden geeignet, der seine Fitness verbessern m\u00f6chte.<\/p>\n<p>Ich benutze meine Steinschleusen zweimal pro week\ud83c\udfcb\ufe0f und sie sind zu einem wichtigen Teil meiner Trainingsroutine geworden. Die einzigartige Form und Gewichtsverteilung bieten eine andere Art von Herausforderung als herk\u00f6mmliche Gewichte.<\/p>\n<p>Wenn Sie auf traditionelle Trainingsmethoden stehen oder einfach nur etwas Einzigartiges und Effektives zu Ihrem Training hinzuf\u00fcgen m\u00f6chten, sind die Chinese Stone Locks eine gro\u00dfartige Wahl. Sie sind robust, geschichtstr\u00e4chtig und unglaublich effektiv. Ob Sie sie nun schwingen, werfen, dr\u00fccken, ziehen oder einfach nur halten, Sie werden den Unterschied in Ihrem Training sp\u00fcren.<\/p>\n<\/div>\n<\/div>\n<\/div>\n<\/div>\n","protected":false},"excerpt":{"rendered":"<p>Chinese Stone Locks, auch bekannt als chinesische Kettlebells. Diese Dinger gibt es schon seit dem alten China, und sie sind nicht nur eine Attraktion &#8211; sie sind das einzig Wahre f\u00fcr ein ernsthaftes Krafttraining. Unsere Steinschl\u00f6sser sind aus blauem Stein gefertigt. Sie sehen aus wie Glocken ohne Kl\u00f6ppel und werden in China seit Jahrhunderten von [&hellip;]<\/p>\n","protected":false},"featured_media":0,"template":"","meta":{"_acf_changed":false},"product_cat":[60],"product_tag":[],"class_list":{"0":"post-642","1":"product","2":"type-product","3":"status-publish","5":"product_cat-trainingsgerate","7":"first","8":"instock","9":"taxable","10":"shipping-taxable","11":"purchasable","12":"product-type-variable"},"acf":[],"_links":{"self":[{"href":"https:\/\/wingchunmind.com\/de\/wp-json\/wp\/v2\/product\/642","targetHints":{"allow":["GET"]}}],"collection":[{"href":"https:\/\/wingchunmind.com\/de\/wp-json\/wp\/v2\/product"}],"about":[{"href":"https:\/\/wingchunmind.com\/de\/wp-json\/wp\/v2\/types\/product"}],"wp:attachment":[{"href":"https:\/\/wingchunmind.com\/de\/wp-json\/wp\/v2\/media?parent=642"}],"wp:term":[{"taxonomy":"product_cat","embeddable":true,"href":"https:\/\/wingchunmind.com\/de\/wp-json\/wp\/v2\/product_cat?post=642"},{"taxonomy":"product_tag","embeddable":true,"href":"https:\/\/wingchunmind.com\/de\/wp-json\/wp\/v2\/product_tag?post=642"}],"curies":[{"name":"wp","href":"https:\/\/api.w.org\/{rel}","templated":true}]}}