{"id":710,"date":"2024-03-31T20:25:05","date_gmt":"2024-03-31T20:25:05","guid":{"rendered":"https:\/\/wingchunmind.com\/product\/freistehende-holzpuppe-mit-rahmen\/"},"modified":"2024-07-26T12:59:32","modified_gmt":"2024-07-26T12:59:32","slug":"freistehende-holzpuppe-mit-rahmen","status":"publish","type":"product","link":"https:\/\/wingchunmind.com\/de\/produkt\/freistehende-holzpuppe-mit-rahmen\/","title":{"rendered":"Freistehende Holzpuppe mit Rahmen"},"content":{"rendered":"<p>Lassen Sie uns \u00fcber dieses Unget\u00fcm hier sprechen &#8211; eine Holzpuppe auf einem freistehenden Gestell (das ist mal eine Ansage \ud83d\ude42 ).<\/p>\n<p>Stellen Sie sich vor: Sie sind in Ihrer Garage, Ihrem Keller oder Ihrem G\u00e4stezimmer &#8211; der Schwei\u00df tropft, das Adrenalin pumpt &#8211; und da steht sie, die Holzpuppe, stolz und einsatzbereit. Es ist, als h\u00e4tte man einen Sparringspartner, der sich nie beschwert, nie m\u00fcde wird und nicht zur\u00fcckschl\u00e4gt. Was gibt es da nicht zu lieben?<\/p>\n<p>Diese aus massivem Holz gefertigte Attrappe geht nirgendwo hin. Es ist robust, langlebig und kann einiges aushalten &#8211; im wahrsten Sinne des Wortes. Der Rahmen ist freistehend, so dass Sie sich keine Gedanken \u00fcber das Bohren von L\u00f6chern in Ihren W\u00e4nden machen m\u00fcssen. Bewegen Sie ihn herum, finden Sie den perfekten Platz und lassen Sie das Training beginnen.<\/p>\n<p>Egal, ob Sie ein erfahrener Kampfsportler sind oder gerade erst anfangen, die Holzpuppe ist Ihre erste Wahl. Es eignet sich hervorragend zum \u00dcben von Schl\u00e4gen, Bl\u00f6cken und den flie\u00dfenden Wing Chun-Bewegungen. Au\u00dferdem ist es eine fantastische M\u00f6glichkeit, nach einem langen Tag Dampf abzulassen.<\/p>\n<p>Lassen Sie mich Ihnen eine kurze Geschichte erz\u00e4hlen. Als ich meinen ersten Dummy bekommen habe (Hallo Charly&#8230;), war das ein echter Wendepunkt. Davor habe ich wie ein Verr\u00fcckter Schattenboxen gemacht und Formen (Taolu) ge\u00fcbt, aber irgendetwas fehlte. Dann habe ich diesen b\u00f6sen Buben bekommen, und bumm! Meine Techniken verbesserten sich, mein Selbstvertrauen stieg, und ich h\u00f6rte auf, Luft zu schlagen. Es f\u00fchlt sich an, als h\u00e4tten Sie einen echten Gegner, nur ohne die blauen Flecken.<\/p>\n<p>Stehen Sie nicht einfach da &#8211; mischen Sie mit! \u00dcben Sie Ihre Formen, arbeiten Sie an Ihrer Geschwindigkeit oder tun Sie so, als w\u00e4ren Sie in einem epischen Kung-Fu-Film \ud83d\ude09<\/p>\n<p style=\"text-align: center;\"><div class=\"lyte-wrapper fourthree\" style=\"width:420px;max-width:100%;margin:5px;\"><div class=\"lyMe qsa_\\&amp;start\\=30\" id=\"WYL_ySoItOwtdYQ\"><div id=\"lyte_ySoItOwtdYQ\" data-src=\"\/\/i.ytimg.com\/vi\/ySoItOwtdYQ\/hqdefault.jpg\" class=\"pL\"><div class=\"tC\"><div class=\"tT\"><\/div><\/div><div class=\"play\"><\/div><div class=\"ctrl\"><div class=\"Lctrl\"><\/div><div class=\"Rctrl\"><\/div><\/div><\/div><noscript><a href=\"https:\/\/youtu.be\/ySoItOwtdYQ\" rel=\"nofollow\"><img loading=\"lazy\" decoding=\"async\" src=\"https:\/\/i.ytimg.com\/vi\/ySoItOwtdYQ\/0.jpg\" alt=\"YouTube-Video-Vorschaubild\" width=\"420\" height=\"295\" \/><br \/>Dieses Video auf YouTube ansehen<\/a><\/noscript><\/div><\/div><div class=\"lL\" style=\"max-width:100%;width:420px;margin:5px;\"><\/div><\/p>\n<p>&nbsp;<\/p>\n<p>Lassen Sie uns das Offensichtliche nicht ignorieren &#8211; dieses Ding sieht cool aus. Es hat diese rustikale, altmodische Ausstrahlung, die Ihren Trainingsraum wie ein Dojo f\u00fcr Kampfsportler aussehen l\u00e4sst. Freunde kommen vorbei, sehen es, und pl\u00f6tzlich sind Sie die coolste Person, die sie kennen. Glauben Sie mir, es ist ein toller Gespr\u00e4chsanlass.<\/p>\n<p>Das Aufstellen der Holzpuppe ist ein Kinderspiel. Sie brauchen keinen Abschluss in Ingenieurwissenschaften. Befolgen Sie einfach die Anweisungen und die Markierungen auf den verschiedenen Teilen und Sie haben es im Handumdrehen aufgebaut. Dann geht es ans Eingemachte und darum, diese Bewegungen zu perfektionieren.<\/p>\n<h2>\u00dcber die Konstruktion dieser Holzpuppe<\/h2>\n<p>Stellen Sie sich vor, ein St\u00fcck Geschichte direkt in Ihrem Haus zu haben. Diese Ulmenholzst\u00fccke stammen aus alten chinesischen Tempeln, die jahrhundertealte Geschichten erz\u00e4hlen und Ihrem Raum eine einzigartige Atmosph\u00e4re verleihen. Ulme ist vielleicht nicht das auff\u00e4lligste Holz, aber es ist robust wie ein Nagel und hat sich bew\u00e4hrt.<\/p>\n<p>Wenn Sie eines dieser Exemplare mit nach Hause nehmen, erhalten Sie nicht nur ein robustes Dekorationsst\u00fcck, sondern auch ein St\u00fcck alter Geschichte, das Sie in Ihr t\u00e4gliches Leben integrieren. Sicherlich kann das Holz einige Unvollkommenheiten aufweisen, aber diese verleihen ihm Charakter, ohne die Qualit\u00e4t oder Haltbarkeit zu beeintr\u00e4chtigen.<\/p>\n<p>Betrachten Sie die kleinen Fehler als Pers\u00f6nlichkeitsmerkmale, die die unglaubliche Reise des Holzes widerspiegeln. Es ist, als h\u00e4tte man ein Kunstwerk, das die Jahrhunderte \u00fcberdauert hat. Ganz gleich, ob Sie sie in Ihrem Wohnzimmer, Arbeitszimmer oder in Ihrer K\u00fcche aufstellen, diese Elm-Holzst\u00fccke verleihen \u00fcberall einen einzigartigen Touch.<\/p>\n<p>Stellen Sie sich die Reaktionen Ihrer Freunde vor, wenn Sie ihnen erz\u00e4hlen, dass Ihr neues St\u00fcck aus einem jahrhundertealten chinesischen Tempel stammt. Das ist ein sofortiger Gespr\u00e4chsanlass! Au\u00dferdem ist es eine nachhaltige Wahl, die altem Holz ein zweites Leben gibt.<\/p>\n<p>Wenn Sie also etwas suchen, das sowohl langlebig als auch geschichtstr\u00e4chtig ist, dann sind diese Ulmenholzst\u00fccke perfekt. Es sind nicht nur Gegenst\u00e4nde, sondern Geschichten, die darauf warten, erz\u00e4hlt zu werden.<\/p>\n<p>&nbsp;<\/p>\n<h2><strong>Pflege- und Aufbewahrungstipps f\u00fcr Ihren h\u00f6lzernen Sidekick<\/strong><\/h2>\n<p><strong>Wo Sie Ihren Buddy parken k\u00f6nnen:<\/strong><\/p>\n<ul>\n<li>Suchen Sie sich ein gem\u00fctliches Pl\u00e4tzchen, wo die Luft genau richtig ist, idealerweise dort, wo das Thermometer zwischen k\u00fchlen 12 und angenehmen 21 Grad Celsius schwankt.<\/li>\n<li>Halten Sie ihn von den R\u00e4umen fern, in denen die Luft sich nicht entscheiden kann und von trocken zu feucht und von warm zu kalt wechselt.<\/li>\n<li>Meiden Sie Orte, an denen Sie es sich mit Heizungen gem\u00fctlich machen oder sich in der Sonne sonnen. Ihr h\u00f6lzerner Freund ist kein Fan des Gerbens.<\/li>\n<li>Meiden Sie diese dampfenden, sauna\u00e4hnlichen R\u00e4ume. Wood steht nicht auf Schwei\u00df.<\/li>\n<\/ul>\n<p><strong>Wie w\u00e4re es mit Outdoor?<\/strong><\/p>\n<ul>\n<li>Sie k\u00f6nnen es nat\u00fcrlich nach drau\u00dfen tragen. Immerhin wurde dieses Holz als Balken in chinesischen Tempeln verwendet und hat sich wirklich bew\u00e4hrt BUT&#8230;. Denken Sie daran, dass er nicht besonders scharf auf Wetterextreme ist. Wenn Sie ein gem\u00fctliches Pl\u00e4tzchen im Freien haben, das nicht nur schattig ist, sondern auch den Regen abh\u00e4lt, dann sind Sie goldrichtig. Es ist ein bisschen wie bei der Suche nach dem perfekten Picknickplatz &#8211; Sie wollen Schatten vor der Sonne und einen guten Baum \u00fcber sich, der Sie vor \u00fcberraschenden Regenschauern sch\u00fctzt. Auf diese Weise bleibt Ihr h\u00f6lzerner Freund gl\u00fccklich und gesund, fernab von harter Sonneneinstrahlung und Regen.<\/li>\n<\/ul>\n<p><strong>Immer sch\u00f6n geschmeidig bleiben:<\/strong><\/p>\n<ul>\n<li>Damit Ihr h\u00f6lzerner Freund immer gepflegt aussieht, g\u00f6nnen Sie ihm etwa einmal im Monat einen Wellness-Tag mit nat\u00fcrlichem Bienenwachs oder antikem Wachs der alten Schule. Es ist wie ein Milchshake f\u00fcr Holz, der es glatt und gl\u00e4nzend aussehen l\u00e4sst.<\/li>\n<\/ul>\n<p>&nbsp;<\/p>\n","protected":false},"excerpt":{"rendered":"<p>Lassen Sie uns \u00fcber dieses Unget\u00fcm hier sprechen &#8211; eine Holzpuppe auf einem freistehenden Gestell (das ist mal eine Ansage \ud83d\ude42 ). Stellen Sie sich vor: Sie sind in Ihrer Garage, Ihrem Keller oder Ihrem G\u00e4stezimmer &#8211; der Schwei\u00df tropft, das Adrenalin pumpt &#8211; und da steht sie, die Holzpuppe, stolz und einsatzbereit. Es ist, [&hellip;]<\/p>\n","protected":false},"featured_media":0,"template":"","meta":{"_acf_changed":false},"product_cat":[56],"product_tag":[],"class_list":{"0":"post-710","1":"product","2":"type-product","3":"status-publish","5":"product_cat-wing-chun-attrappen","7":"first","8":"instock","9":"taxable","10":"shipping-taxable","11":"purchasable","12":"product-type-simple"},"acf":[],"_links":{"self":[{"href":"https:\/\/wingchunmind.com\/de\/wp-json\/wp\/v2\/product\/710","targetHints":{"allow":["GET"]}}],"collection":[{"href":"https:\/\/wingchunmind.com\/de\/wp-json\/wp\/v2\/product"}],"about":[{"href":"https:\/\/wingchunmind.com\/de\/wp-json\/wp\/v2\/types\/product"}],"wp:attachment":[{"href":"https:\/\/wingchunmind.com\/de\/wp-json\/wp\/v2\/media?parent=710"}],"wp:term":[{"taxonomy":"product_cat","embeddable":true,"href":"https:\/\/wingchunmind.com\/de\/wp-json\/wp\/v2\/product_cat?post=710"},{"taxonomy":"product_tag","embeddable":true,"href":"https:\/\/wingchunmind.com\/de\/wp-json\/wp\/v2\/product_tag?post=710"}],"curies":[{"name":"wp","href":"https:\/\/api.w.org\/{rel}","templated":true}]}}