{"id":717,"date":"2024-04-04T14:04:05","date_gmt":"2024-04-04T14:04:05","guid":{"rendered":"https:\/\/wingchunmind.com\/product\/wandmontierte-holzpuppe-schwarzer-lack\/"},"modified":"2024-07-26T12:59:34","modified_gmt":"2024-07-26T12:59:34","slug":"wandmontierte-holzpuppe-schwarzer-lack","status":"publish","type":"product","link":"https:\/\/wingchunmind.com\/de\/produkt\/wandmontierte-holzpuppe-schwarzer-lack\/","title":{"rendered":"Wandmontierte Holzpuppe (Schwarzer Lack)"},"content":{"rendered":"<div class=\"flex flex-grow flex-col max-w-full\">\n<div class=\"min-h-[20px] text-message flex flex-col items-start whitespace-pre-wrap break-words [.text-message+&amp;]:mt-5 juice:w-full juice:items-end overflow-x-auto gap-2\" dir=\"auto\" data-message-author-role=\"assistant\" data-message-id=\"c1f96a34-3b18-423f-9b5f-ff93f919ab31\">\n<div class=\"flex w-full flex-col gap-1 juice:empty:hidden juice:first:pt-[3px]\">\n<div class=\"markdown prose w-full break-words dark:prose-invert dark\">\n<p>Also Leute, versammelt euch, denn wenn Sie jemals dar\u00fcber nachgedacht haben, sich eine h\u00f6lzerne Wing Chun-Attrappe zuzulegen, erwartet Sie ein einzigartiges Vergn\u00fcgen.<\/p>\n<p>Zun\u00e4chst einmal, wenn Sie Wing Chun oder sogar chinesische Kampfk\u00fcnste im Allgemeinen ernst nehmen, ist eine Holzpuppe wie ein stiller Partner, der jederzeit bereit ist, eine Tracht Pr\u00fcgel einzustecken, wenn Sie es sind. Dies ist nicht nur ein Holzpfosten mit Armen &#8211; es ist ein Werkzeug, mit dem Sie Ihre Technik, Ihr Timing und Ihre Pr\u00e4zision perfektionieren k\u00f6nnen. Glauben Sie mir, es hat etwas unglaublich Befriedigendes, den perfekten Schlag zu landen.<\/p>\n<p>Als ich meinen ersten Dummy bekam, nannte ich ihn Charlie <span class=\"BxUVEf ILfuVd\" lang=\"en\"><br \/>\n  <span class=\"hgKElc\">\ud83d\ude01<\/span><br \/>\n<\/span><\/p>\n<p>Es h\u00f6rt sich albern an, aber wenn man ihm einen Namen gibt, wird das ganze Erlebnis noch pers\u00f6nlicher. Das Training mit Charlie war nicht nur eine \u00dcbung, es wurde zu einer Art t\u00e4glichem Ritual. Jede Sitzung war eine Gelegenheit, besser zu werden, mich weiter zu steigern. Und ja, es gab Tage, an denen Charlie sich zu wehren schien und mich mit Schmerzen und einem wunden Ego zur\u00fccklie\u00df. Aber jeder blaue Fleck war eine Lektion, jeder Fehler ein Schritt zur Meisterschaft.<\/p>\n<p>Eine Holzpuppe dient nicht nur der Show, sondern auch dem funktionellen Training. Wenn Sie an Ihren Schl\u00e4gen, Bl\u00f6cken und Tritten arbeiten, brauchen Sie dieses realistische Feedback. Die Arme und Beine des Dummys simulieren einen echten Gegner, so dass Sie die M\u00f6glichkeit haben, Ihre Winkel und Distanzen zu \u00fcben. Und seien wir doch mal ehrlich, es macht viel mehr Spa\u00df und ist viel sexy als Schattenboxen.<\/p>\n<p>Oder haben Sie diese ikonische Szene schon vergessen?<\/p>\n<p style=\"text-align: center;\"><div class=\"lyte-wrapper fourthree\" style=\"width:420px;max-width:100%;margin:5px;\"><div class=\"lyMe qsa_\\&amp;start\\=15\" id=\"WYL_HbwC8zBBtfI\"><div id=\"lyte_HbwC8zBBtfI\" data-src=\"\/\/i.ytimg.com\/vi\/HbwC8zBBtfI\/hqdefault.jpg\" class=\"pL\"><div class=\"tC\"><div class=\"tT\"><\/div><\/div><div class=\"play\"><\/div><div class=\"ctrl\"><div class=\"Lctrl\"><\/div><div class=\"Rctrl\"><\/div><\/div><\/div><noscript><a href=\"https:\/\/youtu.be\/HbwC8zBBtfI\" rel=\"nofollow\"><img loading=\"lazy\" decoding=\"async\" src=\"https:\/\/i.ytimg.com\/vi\/HbwC8zBBtfI\/0.jpg\" alt=\"YouTube-Video-Vorschaubild\" width=\"420\" height=\"295\" \/><br \/>Dieses Video auf YouTube ansehen<\/a><\/noscript><\/div><\/div><div class=\"lL\" style=\"max-width:100%;width:420px;margin:5px;\"><\/div><\/p>\n<p>Sie brauchen keine ausgekl\u00fcgelte Einrichtung, um loszulegen. Meiner steht in der Garage, genau zwischen dem Rasenm\u00e4her und dem alten Weihnachtsschmuck. Es spielt keine Rolle, wo Sie trainieren, solange Sie sich die Zeit daf\u00fcr nehmen. Wenn Sie Platz haben, um Ihre Arme zu schwingen, haben Sie auch Platz f\u00fcr einen Dummy.<\/p>\n<p>Lassen Sie uns \u00fcber die Haltbarkeit sprechen. Diese Dinger sind f\u00fcr die Ewigkeit gebaut. Die Konstruktion aus Massivholz bedeutet, dass es jahrelang halten kann, ohne kaputt zu gehen. 15 Jahre lang haben wir es hergestellt, und kein einziges ist kaputt gegangen.<\/p>\n<p>Es ist eine einmalige Investition, die sich jedes Mal auszahlt, wenn Sie es benutzen. Und wenn Sie ihn einmal transportieren m\u00fcssen, lassen sich die meisten Modelle ganz einfach zerlegen und transportieren.<\/p>\n<p>Lassen Sie uns nun den Elefanten im Raum ansprechen: den Preis. Sicher, es ist nicht das billigste Ger\u00e4t, aber denken Sie daran, was Sie daf\u00fcr bekommen. Es ist nicht nur ein Trainingsger\u00e4t, sondern ein Mentor, der keine Widerworte gibt, ein Sparringspartner, der immer zur Verf\u00fcgung steht, und ein St\u00fcck Kampfsportgeschichte, das Sie besitzen k\u00f6nnen. Au\u00dferdem sparen Sie sich die Fahrten zum Dojo &#8211; das ist Ihr Dojo.<\/p>\n<p>Glauben Sie mir, Ihr zuk\u00fcnftiges Ich, mit den sch\u00e4rferen F\u00e4higkeiten und der h\u00f6heren Geschwindigkeit, wird es Ihnen danken. Und wer wei\u00df, vielleicht geben Sie Ihrem sogar einen Namen <span class=\"BxUVEf ILfuVd\" lang=\"en\"><br \/>\n  <span class=\"hgKElc\">\ud83d\ude09<\/span><br \/>\n<\/span><\/p>\n<p>&nbsp;<\/p>\n<h2>Das Making Of<\/h2>\n<p>Stellen Sie sich das vor: ein St\u00fcck antike Geschichte, direkt in Ihrem Haus. Diese St\u00fccke aus Ulmenholz wurden aus Holz gefertigt, das aus alten chinesischen Tempeln geborgen wurde. Jedes einzelne St\u00fcck ist voll von Geschichten aus vergangenen Jahrhunderten. Ulmenholz ist vielleicht nicht das exotischste Holz, aber es hat den Ruf, robust und zuverl\u00e4ssig zu sein.<\/p>\n<p>Wenn Sie eines dieser St\u00fccke mit nach Hause nehmen, erhalten Sie nicht nur ein solides M\u00f6belst\u00fcck, sondern auch ein St\u00fcck antiker Geschichte in Ihrem Raum. Sicher, das Holz mag einige Unvollkommenheiten aufweisen, aber das ist Teil seines Charmes. Diese Marken erz\u00e4hlen eine Geschichte und verleihen Ihnen Charakter, ohne dabei Kompromisse bei der Qualit\u00e4t oder Haltbarkeit einzugehen.<\/p>\n<p>Betrachten Sie diese kleinen Fehler als ein Zeugnis der Reise des Holzes durch die Zeit. Es ist, als h\u00e4tte man ein St\u00fcck Geschichte mit einer eigenen, einzigartigen Pers\u00f6nlichkeit. Ganz gleich, ob Sie sie in Ihrem Wohnzimmer, Ihrem Arbeitszimmer oder in Ihrer K\u00fcche aufstellen, diese Elm-Holzst\u00fccke passen genau hinein und verleihen ihnen eine einzigartige Note.<\/p>\n<p>Stellen Sie sich Folgendes vor: Ihre Freunde kommen zu Besuch und Sie erw\u00e4hnen beil\u00e4ufig, dass Ihr neues M\u00f6belst\u00fcck aus einem jahrhundertealten chinesischen Tempel stammt. Es wird sofort zum H\u00f6hepunkt des Gespr\u00e4chs! Au\u00dferdem ist es eine umweltfreundliche Wahl, die altem Holz einen neuen Zweck gibt.<\/p>\n<p>Wenn Sie also auf der Suche nach etwas Dauerhaftem sind, das eine reiche Geschichte hat, sind diese Ulmenholzst\u00fccke perfekt. Es sind nicht einfach nur M\u00f6bel, es sind St\u00fccke der Geschichte, die bereit sind, Teil Ihres Hauses zu werden.<\/p>\n<p>&nbsp;<\/p>\n<\/div>\n<\/div>\n<\/div>\n<\/div>\n<p>&nbsp;<\/p>\n<h2><strong>Pflege- und Aufbewahrungstipps f\u00fcr Ihren h\u00f6lzernen Sidekick<\/strong><\/h2>\n<p><strong>Wo Sie Ihren Buddy parken k\u00f6nnen:<\/strong><\/p>\n<ul>\n<li>Suchen Sie sich ein gem\u00fctliches Pl\u00e4tzchen, wo die Luft genau richtig ist, idealerweise dort, wo das Thermometer zwischen k\u00fchlen 12 und angenehmen 21 Grad Celsius schwankt.<\/li>\n<li>Halten Sie ihn von den R\u00e4umen fern, in denen die Luft sich nicht entscheiden kann und von trocken zu feucht und von warm zu kalt wechselt.<\/li>\n<li>Meiden Sie Orte, an denen Sie es sich mit Heizungen gem\u00fctlich machen oder sich in der Sonne sonnen. Ihr h\u00f6lzerner Freund ist kein Fan des Gerbens.<\/li>\n<li>Meiden Sie diese dampfenden, sauna\u00e4hnlichen R\u00e4ume. Wood steht nicht auf Schwei\u00df.<\/li>\n<\/ul>\n<p><strong>Wie w\u00e4re es mit Outdoor?<\/strong><\/p>\n<ul>\n<li>Sie k\u00f6nnen es nat\u00fcrlich nach drau\u00dfen tragen. Immerhin wurde dieses Holz als Balken in chinesischen Tempeln verwendet und hat sich wirklich bew\u00e4hrt BUT&#8230;. Denken Sie daran, dass er nicht besonders scharf auf Wetterextreme ist. Wenn Sie ein gem\u00fctliches Pl\u00e4tzchen im Freien haben, das nicht nur schattig ist, sondern auch den Regen abh\u00e4lt, dann sind Sie goldrichtig. Es ist ein bisschen wie bei der Suche nach dem perfekten Picknickplatz &#8211; Sie wollen Schatten vor der Sonne und einen guten Baum \u00fcber sich, der Sie vor \u00fcberraschenden Regenschauern sch\u00fctzt. Auf diese Weise bleibt Ihr h\u00f6lzerner Freund gl\u00fccklich und gesund, fernab von harter Sonneneinstrahlung und Regen.<\/li>\n<\/ul>\n<p><strong>Immer sch\u00f6n geschmeidig bleiben:<\/strong><\/p>\n<ul>\n<li>Damit Ihr h\u00f6lzerner Freund immer gepflegt aussieht, g\u00f6nnen Sie ihm etwa einmal im Monat einen Wellness-Tag mit nat\u00fcrlichem Bienenwachs oder antikem Wachs der alten Schule. Es ist wie ein Milchshake f\u00fcr Holz, der es glatt und gl\u00e4nzend aussehen l\u00e4sst.<\/li>\n<\/ul>\n<p>&nbsp;<\/p>\n","protected":false},"excerpt":{"rendered":"<p>Also Leute, versammelt euch, denn wenn Sie jemals dar\u00fcber nachgedacht haben, sich eine h\u00f6lzerne Wing Chun-Attrappe zuzulegen, erwartet Sie ein einzigartiges Vergn\u00fcgen. Zun\u00e4chst einmal, wenn Sie Wing Chun oder sogar chinesische Kampfk\u00fcnste im Allgemeinen ernst nehmen, ist eine Holzpuppe wie ein stiller Partner, der jederzeit bereit ist, eine Tracht Pr\u00fcgel einzustecken, wenn Sie es sind. [&hellip;]<\/p>\n","protected":false},"featured_media":0,"template":"","meta":{"_acf_changed":false},"product_cat":[56],"product_tag":[],"class_list":{"0":"post-717","1":"product","2":"type-product","3":"status-publish","5":"product_cat-wing-chun-attrappen","7":"first","8":"instock","9":"sale","10":"taxable","11":"shipping-taxable","12":"purchasable","13":"product-type-simple"},"acf":[],"_links":{"self":[{"href":"https:\/\/wingchunmind.com\/de\/wp-json\/wp\/v2\/product\/717","targetHints":{"allow":["GET"]}}],"collection":[{"href":"https:\/\/wingchunmind.com\/de\/wp-json\/wp\/v2\/product"}],"about":[{"href":"https:\/\/wingchunmind.com\/de\/wp-json\/wp\/v2\/types\/product"}],"wp:attachment":[{"href":"https:\/\/wingchunmind.com\/de\/wp-json\/wp\/v2\/media?parent=717"}],"wp:term":[{"taxonomy":"product_cat","embeddable":true,"href":"https:\/\/wingchunmind.com\/de\/wp-json\/wp\/v2\/product_cat?post=717"},{"taxonomy":"product_tag","embeddable":true,"href":"https:\/\/wingchunmind.com\/de\/wp-json\/wp\/v2\/product_tag?post=717"}],"curies":[{"name":"wp","href":"https:\/\/api.w.org\/{rel}","templated":true}]}}