{"id":750,"date":"2024-04-15T18:55:41","date_gmt":"2024-04-15T18:55:41","guid":{"rendered":"https:\/\/wingchunmind.com\/product\/feiyue-schuhe-top-one-schwarz\/"},"modified":"2024-08-14T19:41:36","modified_gmt":"2024-08-14T19:41:36","slug":"feiyue-schuhe-top-one-schwarz","status":"publish","type":"product","link":"https:\/\/wingchunmind.com\/de\/produkt\/feiyue-schuhe-top-one-schwarz\/","title":{"rendered":"Feiyue Schuhe (Top One) &#8211; Schwarz"},"content":{"rendered":"<p>Der Name &#8222;Feiyue&#8220; (vereinfachtes Chinesisch: \u98de\u8dc3; traditionelles Chinesisch: \u98db\u8e8d; Pinyin: f\u0113i yu\u00e8) bedeutet &#8222;springen&#8220; oder &#8222;\u00fcberfliegen&#8220;, ein Begriff, der an Agilit\u00e4t und Fortschritt erinnert. Feiyue&#8217;s Reise begann in den 1920er Jahren in Shanghai, wo Stoffschuhe f\u00fcr den t\u00e4glichen Gebrauch hergestellt wurden.<\/p>\n<p>Bis 1958 hatte die DaFu Rubber Company diese zu den &#8222;Feiyue&#8220; Schuhen weiterentwickelt, die f\u00fcr Kampfsportler wie die Shaolin-M\u00f6nche bestimmt waren. Diese Schuhe erlangten in den 1930er Jahren schnell Ber\u00fchmtheit f\u00fcr ihre Strapazierf\u00e4higkeit, Flexibilit\u00e4t und Bequemlichkeit und wurden f\u00fcr Kampfsportarten und verschiedene sportliche Aktivit\u00e4ten unverzichtbar. Sie wurden zu einem Grundnahrungsmittel f\u00fcr Wushu-Praktizierende und Sportler in ganz China.<\/p>\n<p>Feiyues Reise ist jedoch nicht ganz unproblematisch. Zwischen dem in den USA ans\u00e4ssigen Unternehmen Feiyue International, LLC, und dem urspr\u00fcnglichen Hersteller Shanghai DaFu Rubber Co. gibt es einen anhaltenden Streit \u00fcber die Markenrechte und das geistige Eigentum. W\u00e4hrend DaFu die Markenrechte in China beh\u00e4lt, h\u00e4lt Feiyue International die Rechte in vielen anderen Teilen der Welt. Im Jahr 2009 verkaufte DaFu die Rechte an die Shuang Qian Group Co. Ltd, die dann die Produktion an DaFu und einen anderen Hersteller, Top One (\u5927\u535a\u6587), zur\u00fcckvermietete.<\/p>\n<p>Bei den von uns bezogenen Schuhen handelt es sich um die Top One Modelle, die sich von den teureren und trendigen Versionen unterscheiden, die in den USA und weltweit erh\u00e4ltlich sind. Trotz der Markenrechtsstreitigkeiten bleibt das Erbe der Feiyue-Schuhe bestehen, die von Sportlern und Modefans gleicherma\u00dfen f\u00fcr ihre Mischung aus Tradition und modernem Stil gesch\u00e4tzt werden.<\/p>\n<p>&nbsp;<\/p>\n<p>&nbsp;<\/p>\n<p>&nbsp;<\/p>\n<p>&nbsp;<\/p>\n","protected":false},"excerpt":{"rendered":"<p>Der Name &#8222;Feiyue&#8220; (vereinfachtes Chinesisch: \u98de\u8dc3; traditionelles Chinesisch: \u98db\u8e8d; Pinyin: f\u0113i yu\u00e8) bedeutet &#8222;springen&#8220; oder &#8222;\u00fcberfliegen&#8220;, ein Begriff, der an Agilit\u00e4t und Fortschritt erinnert. Feiyue&#8217;s Reise begann in den 1920er Jahren in Shanghai, wo Stoffschuhe f\u00fcr den t\u00e4glichen Gebrauch hergestellt wurden. Bis 1958 hatte die DaFu Rubber Company diese zu den &#8222;Feiyue&#8220; Schuhen weiterentwickelt, die [&hellip;]<\/p>\n","protected":false},"featured_media":0,"template":"","meta":{"_acf_changed":false},"product_cat":[60],"product_tag":[],"class_list":{"0":"post-750","1":"product","2":"type-product","3":"status-publish","5":"product_cat-trainingsgerate","7":"first","8":"instock","9":"taxable","10":"shipping-taxable","11":"purchasable","12":"product-type-variable"},"acf":[],"_links":{"self":[{"href":"https:\/\/wingchunmind.com\/de\/wp-json\/wp\/v2\/product\/750","targetHints":{"allow":["GET"]}}],"collection":[{"href":"https:\/\/wingchunmind.com\/de\/wp-json\/wp\/v2\/product"}],"about":[{"href":"https:\/\/wingchunmind.com\/de\/wp-json\/wp\/v2\/types\/product"}],"wp:attachment":[{"href":"https:\/\/wingchunmind.com\/de\/wp-json\/wp\/v2\/media?parent=750"}],"wp:term":[{"taxonomy":"product_cat","embeddable":true,"href":"https:\/\/wingchunmind.com\/de\/wp-json\/wp\/v2\/product_cat?post=750"},{"taxonomy":"product_tag","embeddable":true,"href":"https:\/\/wingchunmind.com\/de\/wp-json\/wp\/v2\/product_tag?post=750"}],"curies":[{"name":"wp","href":"https:\/\/api.w.org\/{rel}","templated":true}]}}