{"id":556,"date":"2024-03-03T21:29:20","date_gmt":"2024-03-03T21:29:20","guid":{"rendered":"https:\/\/wingchunmind.com\/product\/maniqui-de-madera-sobre-tripode\/"},"modified":"2024-07-26T13:08:23","modified_gmt":"2024-07-26T13:08:23","slug":"maniqui-de-madera-sobre-tripode","status":"publish","type":"product","link":"https:\/\/wingchunmind.com\/es\/producto\/maniqui-de-madera-sobre-tripode\/","title":{"rendered":"Maniqu\u00ed de madera sobre tr\u00edpode"},"content":{"rendered":"<p>Entrenar con un maniqu\u00ed de madera no es s\u00f3lo para aparentar. Se trata de afinar tus reflejos, perfeccionar tus t\u00e9cnicas, la velocidad e incrustar esos movimientos en tu memoria muscular. Este mu\u00f1eco de madera es tu compa\u00f1ero silencioso, que absorbe todos los golpes sin rechistar.<\/p>\n<p>Fabricado con madera antigua, este mu\u00f1eco resiste sesiones de entrenamiento incesantes, reflejando tu empe\u00f1o en dominar las artes marciales. El acolchado (gratuito) del maniqu\u00ed act\u00faa como una armadura blanda, protegiendo la madera de posibles da\u00f1os y tus manos de magulladuras innecesarias. Se trata de que tu consulta sea lo m\u00e1s eficaz y segura posible.<\/p>\n<p>Ahora, imagina que trabajas tus t\u00e9cnicas de Wing Chun. Al practicar golpes en cadena, siente el ritmo y la fluidez al entrar en contacto tus pu\u00f1os. Los brazos y las piernas del mu\u00f1eco simulan a un adversario real, lo que te ayudar\u00e1 a perfeccionar tus movimientos. O tal vez te guste el Jeet Kune Do, canalizando a tu Bruce Lee interior. El mu\u00f1eco de madera te ayuda a mejorar tu velocidad, precisi\u00f3n y potencia, transformando tu pr\u00e1ctica en algo extraordinario.<\/p>\n<p>Puedes limitarte al boxeo de sombra o esperar a que haya un compa\u00f1ero de entrenamiento disponible. \u00bfPero un mu\u00f1eco de madera? Siempre est\u00e1 ah\u00ed, preparada para cuando t\u00fa lo est\u00e9s. Es como tener un compa\u00f1ero de entrenamiento incansable que nunca necesita un descanso y siempre te empuja a hacerlo mejor.<\/p>\n<p>No te f\u00edes s\u00f3lo de mi palabra. Experimenta t\u00fa mismo las ventajas. Tanto si eres un artista marcial experimentado como si acabas de empezar, este mu\u00f1eco de madera sobre tr\u00edpode es una inversi\u00f3n para tu entrenamiento.<\/p>\n<p>Este mu\u00f1eco de madera no es s\u00f3lo equipamiento, es un compa\u00f1ero de entrenamiento. (y una bonita pieza de decoraci\u00f3n en tu casa \ud83d\ude09 ) Prep\u00e1rate para elevar tus habilidades al siguiente nivel con un mu\u00f1eco de madera hecho para ayudarte a triunfar.<\/p>\n<p>&nbsp;<\/p>\n<h2>Sobre la construcci\u00f3n<\/h2>\n<p>Imagina llevarte a casa un trozo de historia, directamente de los antiguos templos chinos. Eso es lo que conseguir\u00e1s con estas piezas de madera de olmo. Cada una de ellas est\u00e1 repleta de historias de siglos pasados, listas para a\u00f1adir car\u00e1cter y profundidad a tu espacio. Puede que el olmo no sea la madera m\u00e1s elegante, pero tiene agallas y ha demostrado su resistencia a lo largo del tiempo.<\/p>\n<p>Cuando te haces con uno de ellos, no s\u00f3lo adquieres una robusta pieza de equipo, sino un trozo de historia antigua. Claro que la madera puede tener algunas peculiaridades e imperfecciones, pero eso s\u00f3lo a\u00f1ade encanto sin comprometer la calidad ni la durabilidad.<\/p>\n<p>Pi\u00e9nsalo as\u00ed: esas peque\u00f1as manchas son insignias de honor, que muestran el viaje de la madera a trav\u00e9s del tiempo. Y seamos realistas, \u00bfa qui\u00e9n no le gusta una pieza con un poco de historia de fondo? Estas piezas de madera Elm encajan a la perfecci\u00f3n en tu sal\u00f3n, en tu estudio o incluso en tu cocina.<\/p>\n<p>Imag\u00ednatelo: tus amigos vienen a casa y t\u00fa mencionas casualmente que tu nueva adquisici\u00f3n procede de un templo chino centenario. \u00a1Un tema de conversaci\u00f3n instant\u00e1neo! Por no hablar de que es ecol\u00f3gico y sostenible, y da una nueva vida a la madera vieja.<\/p>\n<p>As\u00ed que, si buscas mezclar durabilidad con historia, y a\u00f1adir un toque de singularidad a tu hogar, estas piezas de madera de olmo son justo lo que necesitas. No son s\u00f3lo muebles; son historias que esperan ser contadas.<\/p>\n<p>&nbsp;<\/p>\n<p>&nbsp;<\/p>\n<h2><strong>Consejos para cuidar y guardar tu Sidekick de madera<\/strong><\/h2>\n<p><strong>D\u00f3nde aparcar a tu compa\u00f1ero:<\/strong><\/p>\n<ul>\n<li>Busca un lugar acogedor donde el aire sea el adecuado, idealmente donde el term\u00f3metro oscile entre los 12 y los 21 grados Celsius.<\/li>\n<li>Mantenlo alejado de esas habitaciones malhumoradas donde el aire no se decide, pasando de seco a h\u00famedo y de c\u00e1lido a fr\u00edo.<\/li>\n<li>Mantente alejado de los lugares demasiado acogedores con calefactores o que toman el sol. A tu amigo de madera no le gusta el bronceado.<\/li>\n<li>Esquiva esos espacios vaporosos, parecidos a una sauna. A Wood no le gusta sudar.<\/li>\n<\/ul>\n<p><strong>\u00bfY al aire libre?<\/strong><\/p>\n<ul>\n<li>Sin duda puedes llevarlo fuera. Al fin y al cabo, esta madera se utilizaba como vigas en los templos chinos y ha resistido realmente la prueba del tiempo PERO&#8230;. ten en cuenta que no le gustan mucho los climas extremos. Si tienes un lugar acogedor al aire libre que no s\u00f3lo est\u00e9 a la sombra, sino que tambi\u00e9n mantenga a raya la lluvia, entonces eres oro. Es un poco como encontrar el lugar perfecto para un picnic: quieres sombra para el sol y un buen \u00e1rbol en lo alto que te proteja de cualquier chaparr\u00f3n sorpresa. As\u00ed, tu amigo de madera se mantendr\u00e1 feliz y sano, lejos de los rayos inclementes y de la lluvia.<\/li>\n<\/ul>\n<p><strong>Manteni\u00e9ndolo resbaladizo:<\/strong><\/p>\n<ul>\n<li>Para que tu amigo de madera siga luciendo elegante, reg\u00e1lale un d\u00eda de spa con un poco de cera de abeja natural o cera antigua de la vieja escuela una vez al mes. Es como un batido para la madera, la mantiene lisa y brillante.<\/li>\n<\/ul>\n<p>&nbsp;<\/p>\n","protected":false},"excerpt":{"rendered":"<p>Entrenar con un maniqu\u00ed de madera no es s\u00f3lo para aparentar. Se trata de afinar tus reflejos, perfeccionar tus t\u00e9cnicas, la velocidad e incrustar esos movimientos en tu memoria muscular. Este mu\u00f1eco de madera es tu compa\u00f1ero silencioso, que absorbe todos los golpes sin rechistar. Fabricado con madera antigua, este mu\u00f1eco resiste sesiones de entrenamiento [&hellip;]<\/p>\n","protected":false},"featured_media":0,"template":"","meta":{"_acf_changed":false},"product_cat":[55],"product_tag":[],"class_list":{"0":"post-556","1":"product","2":"type-product","3":"status-publish","5":"product_cat-maniquies-de-wing-chun","7":"first","8":"instock","9":"taxable","10":"shipping-taxable","11":"purchasable","12":"product-type-simple"},"acf":[],"_links":{"self":[{"href":"https:\/\/wingchunmind.com\/es\/wp-json\/wp\/v2\/product\/556","targetHints":{"allow":["GET"]}}],"collection":[{"href":"https:\/\/wingchunmind.com\/es\/wp-json\/wp\/v2\/product"}],"about":[{"href":"https:\/\/wingchunmind.com\/es\/wp-json\/wp\/v2\/types\/product"}],"wp:attachment":[{"href":"https:\/\/wingchunmind.com\/es\/wp-json\/wp\/v2\/media?parent=556"}],"wp:term":[{"taxonomy":"product_cat","embeddable":true,"href":"https:\/\/wingchunmind.com\/es\/wp-json\/wp\/v2\/product_cat?post=556"},{"taxonomy":"product_tag","embeddable":true,"href":"https:\/\/wingchunmind.com\/es\/wp-json\/wp\/v2\/product_tag?post=556"}],"curies":[{"name":"wp","href":"https:\/\/api.w.org\/{rel}","templated":true}]}}