{"id":599,"date":"2024-04-15T19:50:24","date_gmt":"2024-04-15T19:50:24","guid":{"rendered":"https:\/\/wingchunmind.com\/product\/saco-de-boxeo-de-pared-de-3-secciones\/"},"modified":"2024-07-26T13:07:52","modified_gmt":"2024-07-26T13:07:52","slug":"saco-de-boxeo-de-pared-de-3-secciones","status":"publish","type":"product","link":"https:\/\/wingchunmind.com\/es\/producto\/saco-de-boxeo-de-pared-de-3-secciones\/","title":{"rendered":"Saco de boxeo de pared de 3 secciones"},"content":{"rendered":"<p><span class=\"\">Los sacos de golpeo de pared tradicionales chinos, como los sacos de golpeo de pared Wing Chun, desempe\u00f1an un papel importante en el entrenamiento de artes marciales, ya que ofrecen una forma \u00fanica y eficaz de desarrollar habilidades de golpeo, potencia y precisi\u00f3n.  <\/span><\/p>\n<p><span class=\"\">Estos sacos no s\u00f3lo se utilizan en el Kung Fu Wing Chun, sino tambi\u00e9n en otros estilos de artes marciales chinas tradicionales.<\/span><\/p>\n<p><span class=\"\">La construcci\u00f3n de estos sacos de boxeo de pared consiste en una carcasa exterior de lona resistente con una superficie de golpeo de cuero PU que t\u00fa (o nosotros) podemos rellenar con materiales como arena, jud\u00edas o arroz para proporcionar resistencia y retroalimentaci\u00f3n al golpear. Se montan de forma segura en las paredes a distintas alturas para adaptarse a las diferentes necesidades y t\u00e9cnicas de entrenamiento.<\/span><\/p>\n<p><span class=\"\">Los practicantes utilizan estos sacos de pared para perfeccionar sus t\u00e9cnicas de golpeo, mejorar la coordinaci\u00f3n mano-ojo y fortalecer los brazos, los hombros y los m\u00fasculos centrales. El impacto repetitivo contra el saco ayuda a desarrollar la memoria muscular, la velocidad y la precisi\u00f3n en la ejecuci\u00f3n de los golpes.  <\/span><\/p>\n<p><span class=\"\">Adem\u00e1s, el entrenamiento con sacos de boxeo de pared puede mejorar el enfoque, la concentraci\u00f3n y la disciplina mental.<\/span> <span class=\"\">En las artes marciales chinas tradicionales, el saco de boxeo de pared sirve como herramienta vers\u00e1til para practicar una amplia gama de golpes, incluidos pu\u00f1etazos, golpes con la palma de la mano, golpes con el codo y patadas.  <\/span><\/p>\n<p><span class=\"\">Entrenando constantemente con estos sacos, los artistas marciales pueden perfeccionar sus t\u00e9cnicas, aumentar su potencia y velocidad, y cultivar la mec\u00e1nica corporal adecuada, esencial para una defensa personal y unas habilidades de combate eficaces.<\/span><\/p>\n","protected":false},"excerpt":{"rendered":"<p>Los sacos de golpeo de pared tradicionales chinos, como los sacos de golpeo de pared Wing Chun, desempe\u00f1an un papel importante en el entrenamiento de artes marciales, ya que ofrecen una forma \u00fanica y eficaz de desarrollar habilidades de golpeo, potencia y precisi\u00f3n. Estos sacos no s\u00f3lo se utilizan en el Kung Fu Wing Chun, [&hellip;]<\/p>\n","protected":false},"featured_media":0,"template":"","meta":{"_acf_changed":false},"product_cat":[59],"product_tag":[],"class_list":{"0":"post-599","1":"product","2":"type-product","3":"status-publish","5":"product_cat-equipo-de-entrenamiento","7":"first","8":"instock","9":"taxable","10":"shipping-taxable","11":"purchasable","12":"product-type-variable","13":"has-default-attributes"},"acf":[],"_links":{"self":[{"href":"https:\/\/wingchunmind.com\/es\/wp-json\/wp\/v2\/product\/599","targetHints":{"allow":["GET"]}}],"collection":[{"href":"https:\/\/wingchunmind.com\/es\/wp-json\/wp\/v2\/product"}],"about":[{"href":"https:\/\/wingchunmind.com\/es\/wp-json\/wp\/v2\/types\/product"}],"wp:attachment":[{"href":"https:\/\/wingchunmind.com\/es\/wp-json\/wp\/v2\/media?parent=599"}],"wp:term":[{"taxonomy":"product_cat","embeddable":true,"href":"https:\/\/wingchunmind.com\/es\/wp-json\/wp\/v2\/product_cat?post=599"},{"taxonomy":"product_tag","embeddable":true,"href":"https:\/\/wingchunmind.com\/es\/wp-json\/wp\/v2\/product_tag?post=599"}],"curies":[{"name":"wp","href":"https:\/\/api.w.org\/{rel}","templated":true}]}}