{"id":625,"date":"2024-04-15T19:20:24","date_gmt":"2024-04-15T19:20:24","guid":{"rendered":"https:\/\/wingchunmind.com\/product\/cerradura-china-de-piedra\/"},"modified":"2024-07-26T13:08:00","modified_gmt":"2024-07-26T13:08:00","slug":"cerradura-china-de-piedra","status":"publish","type":"product","link":"https:\/\/wingchunmind.com\/es\/producto\/cerradura-china-de-piedra\/","title":{"rendered":"Cerradura china de piedra"},"content":{"rendered":"<p>Bloqueos chinos de piedra, tambi\u00e9n conocidos como kettlebells chinos. Estas cosas han existido desde la antigua China, y no son s\u00f3lo para aparentar: son lo mejor para un entrenamiento de fuerza serio. Nuestras cerraduras de piedra son de piedra azul. Parecen campanas sin badajo y las utilizan los artistas marciales de China desde hace siglos.<\/p>\n<div class=\"flex flex-grow flex-col max-w-full\">\n<div class=\"min-h-[20px] text-message flex flex-col items-start whitespace-pre-wrap break-words [.text-message+&amp;]:mt-5 juice:w-full juice:items-end overflow-x-auto gap-2\" dir=\"auto\" data-message-author-role=\"assistant\" data-message-id=\"7fbde326-667a-4e2c-86a8-8d3b8943cfb7\">\n<div class=\"flex w-full flex-col gap-1 juice:empty:hidden juice:first:pt-[3px]\">\n<div class=\"markdown prose w-full break-words dark:prose-invert dark\">\n<p>Recuerdo la primera vez que cog\u00ed una cerradura de piedra; fue como sostener un trozo de historia. Estas pesas son perfectas para ejercicios como columpios, arrancadas y prensas. Ayudan a mejorar tu fuerza y tu forma f\u00edsica general. Disponibles en pesos de 5 kg a 15 kg, hay un ajuste perfecto para todos, sea cual sea tu nivel de experiencia.<\/p>\n<p>Utilizar las Cerraduras de Piedra Chinas no s\u00f3lo sirve para aumentar la masa muscular. En la medicina tradicional china, se cree que equilibran la energ\u00eda del cuerpo, mejoran la circulaci\u00f3n y fortalecen los m\u00fasculos y los huesos. Es como hacer ejercicio y mejorar la salud, todo en uno.<\/p>\n<p>Estas pesas tambi\u00e9n se han introducido en el entrenamiento moderno con kettlebell. La gente de todo el mundo se est\u00e1 dando cuenta de lo eficaces que son para mejorar la fuerza y la resistencia. Y no son s\u00f3lo para los artistas marciales, sino para cualquiera que quiera mejorar su forma f\u00edsica.<\/p>\n<p>Utilizo mis bloqueadores de piedra dos veces por week\ud83c\udfcb\ufe0f, y se han convertido en una parte esencial de mi rutina de entrenamiento. La forma \u00fanica y la distribuci\u00f3n del peso proporcionan un tipo diferente de desaf\u00edo en comparaci\u00f3n con las pesas tradicionales.<\/p>\n<p>Si te gustan los m\u00e9todos de entrenamiento tradicionales o simplemente quieres a\u00f1adir algo \u00fanico y eficaz a tus entrenamientos, las cerraduras chinas de piedra son una gran elecci\u00f3n. Son resistentes, hist\u00f3ricamente ricos e incre\u00edblemente eficaces. Tanto si los balanceas, lanzas, presionas, tiras o simplemente los sujetas, notar\u00e1s la diferencia en tu entrenamiento.<\/p>\n<\/div>\n<\/div>\n<\/div>\n<\/div>\n","protected":false},"excerpt":{"rendered":"<p>Bloqueos chinos de piedra, tambi\u00e9n conocidos como kettlebells chinos. Estas cosas han existido desde la antigua China, y no son s\u00f3lo para aparentar: son lo mejor para un entrenamiento de fuerza serio. Nuestras cerraduras de piedra son de piedra azul. Parecen campanas sin badajo y las utilizan los artistas marciales de China desde hace siglos. [&hellip;]<\/p>\n","protected":false},"featured_media":0,"template":"","meta":{"_acf_changed":false},"product_cat":[59],"product_tag":[],"class_list":{"0":"post-625","1":"product","2":"type-product","3":"status-publish","5":"product_cat-equipo-de-entrenamiento","7":"first","8":"instock","9":"taxable","10":"shipping-taxable","11":"purchasable","12":"product-type-variable"},"acf":[],"_links":{"self":[{"href":"https:\/\/wingchunmind.com\/es\/wp-json\/wp\/v2\/product\/625","targetHints":{"allow":["GET"]}}],"collection":[{"href":"https:\/\/wingchunmind.com\/es\/wp-json\/wp\/v2\/product"}],"about":[{"href":"https:\/\/wingchunmind.com\/es\/wp-json\/wp\/v2\/types\/product"}],"wp:attachment":[{"href":"https:\/\/wingchunmind.com\/es\/wp-json\/wp\/v2\/media?parent=625"}],"wp:term":[{"taxonomy":"product_cat","embeddable":true,"href":"https:\/\/wingchunmind.com\/es\/wp-json\/wp\/v2\/product_cat?post=625"},{"taxonomy":"product_tag","embeddable":true,"href":"https:\/\/wingchunmind.com\/es\/wp-json\/wp\/v2\/product_tag?post=625"}],"curies":[{"name":"wp","href":"https:\/\/api.w.org\/{rel}","templated":true}]}}