{"id":700,"date":"2024-03-31T20:25:05","date_gmt":"2024-03-31T20:25:05","guid":{"rendered":"https:\/\/wingchunmind.com\/product\/maniqui-de-madera-independiente-con-marco\/"},"modified":"2024-07-26T13:08:18","modified_gmt":"2024-07-26T13:08:18","slug":"maniqui-de-madera-independiente-con-marco","status":"publish","type":"product","link":"https:\/\/wingchunmind.com\/es\/producto\/maniqui-de-madera-independiente-con-marco\/","title":{"rendered":"Maniqu\u00ed de madera independiente con marco"},"content":{"rendered":"<p>Hablemos de esta bestia de aqu\u00ed: un maniqu\u00ed de madera sobre un armaz\u00f3n independiente (ahora s\u00ed que se me llena la boca \ud83d\ude42 ) .<\/p>\n<p>Imag\u00ednatelo: est\u00e1s en el garaje, en el s\u00f3tano o en una habitaci\u00f3n libre, sudando, con la adrenalina a tope, y ah\u00ed est\u00e1, el mu\u00f1eco de madera, orgulloso y listo para la acci\u00f3n. Es como tener un sparring que nunca se queja, nunca se cansa y no te devuelve los pu\u00f1etazos. \u00bfQu\u00e9 es lo que no te gusta?<\/p>\n<p>Fabricado en madera maciza, este mu\u00f1eco no ir\u00e1 a ninguna parte. Es resistente, duradero y puede aguantar una paliza, literalmente. El bastidor es independiente, por lo que no tienes que preocuparte de taladrar agujeros en las paredes. Mu\u00e9velo, encuentra el lugar perfecto y que empiece el entrenamiento.<\/p>\n<p>Tanto si eres un artista marcial experimentado como si acabas de empezar, el mu\u00f1eco de madera es lo que necesitas. Es ideal para practicar golpes, bloqueos y esos movimientos suaves y fluidos del Wing Chun. Adem\u00e1s, es una forma fant\u00e1stica de desahogarse despu\u00e9s de un largo d\u00eda.<\/p>\n<p>D\u00e9jame que te cuente una historia r\u00e1pida. Cuando he conseguido mi primer chupete (hola Charly..) , y ha sido un cambio de juego. Antes de esto, hac\u00eda boxeo de sombra y practicaba formas (Taolu) como un loco, pero me faltaba algo. Entonces consegu\u00ed este chico malo, y \u00a1bam! Mis t\u00e9cnicas mejoraron, mi confianza se dispar\u00f3 y dej\u00e9 de dar pu\u00f1etazos al aire. Es como tener un adversario de verdad, menos los moratones.<\/p>\n<p>No te quedes ah\u00ed: \u00a1mezcla! Practica tus formas, trabaja tu velocidad o finge que est\u00e1s en una pel\u00edcula \u00e9pica de kung fu \ud83d\ude09<\/p>\n<p style=\"text-align: center;\"><div class=\"lyte-wrapper fourthree\" style=\"width:420px;max-width:100%;margin:5px;\"><div class=\"lyMe qsa_\\&amp;start\\=30\" id=\"WYL_ySoItOwtdYQ\"><div id=\"lyte_ySoItOwtdYQ\" data-src=\"\/\/i.ytimg.com\/vi\/ySoItOwtdYQ\/hqdefault.jpg\" class=\"pL\"><div class=\"tC\"><div class=\"tT\"><\/div><\/div><div class=\"play\"><\/div><div class=\"ctrl\"><div class=\"Lctrl\"><\/div><div class=\"Rctrl\"><\/div><\/div><\/div><noscript><a href=\"https:\/\/youtu.be\/ySoItOwtdYQ\" rel=\"nofollow\"><img loading=\"lazy\" decoding=\"async\" src=\"https:\/\/i.ytimg.com\/vi\/ySoItOwtdYQ\/0.jpg\" alt=\"YouTube video thumbnail\" width=\"420\" height=\"295\" \/><br \/>Ver este v\u00eddeo en YouTube<\/a><\/noscript><\/div><\/div><div class=\"lL\" style=\"max-width:100%;width:420px;margin:5px;\"><\/div><\/p>\n<p>&nbsp;<\/p>\n<p>No ignoremos lo obvio: esta cosa parece genial. Tiene ese aire r\u00fastico de la vieja escuela que har\u00e1 que tu espacio de entrenamiento parezca un dojo de artes marciales. Los amigos vienen, lo ven y, de repente, eres la persona m\u00e1s guay que conocen. Cr\u00e9eme, es un gran tema de conversaci\u00f3n.<\/p>\n<p>Montar el maniqu\u00ed de madera es facil\u00edsimo. No hace falta ser ingeniero. S\u00f3lo tienes que seguir las instrucciones y las marcas de las distintas piezas y lo tendr\u00e1s montado en un santiam\u00e9n. Despu\u00e9s, se trata de ponerse manos a la obra y perfeccionar esos movimientos.<\/p>\n<h2>Sobre la construcci\u00f3n de este mu\u00f1eco de madera<\/h2>\n<p>Imagina tener un trozo de historia en tu propia casa. Estas piezas de madera de olmo proceden de antiguos templos chinos, llevan siglos de historias y a\u00f1aden un ambiente \u00fanico a tu espacio. Puede que el olmo no sea la madera m\u00e1s llamativa, pero es muy resistente y ha superado la prueba del tiempo.<\/p>\n<p>Cuando te llevas uno de estos a casa, no s\u00f3lo est\u00e1s adquiriendo una robusta pieza de decoraci\u00f3n, sino que est\u00e1s incorporando un trozo de historia antigua a tu vida cotidiana. Claro que la madera puede tener algunas imperfecciones, pero \u00e9stas s\u00f3lo a\u00f1aden car\u00e1cter sin sacrificar la calidad ni la durabilidad.<\/p>\n<p>Piensa en los peque\u00f1os defectos como rasgos de personalidad, que muestran el incre\u00edble viaje de la madera. Es como tener una obra de arte que ha pasado por el tiempo. Ya sea en el sal\u00f3n, en el estudio o incluso en la cocina, estas piezas de madera Elm aportan un toque \u00fanico all\u00e1 donde van.<\/p>\n<p>Imagina la reacci\u00f3n de tus amigos cuando les digas que tu nueva pieza procede de un templo chino centenario. \u00a1Es un tema de conversaci\u00f3n instant\u00e1neo! Adem\u00e1s, es una opci\u00f3n sostenible, que da una segunda vida a la madera vieja.<\/p>\n<p>As\u00ed que, si quieres algo duradero y rico en historia, estas piezas de madera de olmo son perfectas. No son s\u00f3lo objetos; son historias que esperan ser compartidas.<\/p>\n<p>&nbsp;<\/p>\n<h2><strong>Consejos para cuidar y guardar tu Sidekick de madera<\/strong><\/h2>\n<p><strong>D\u00f3nde aparcar a tu compa\u00f1ero:<\/strong><\/p>\n<ul>\n<li>Busca un lugar acogedor donde el aire sea el adecuado, idealmente donde el term\u00f3metro oscile entre los 12 y los 21 grados Celsius.<\/li>\n<li>Mantenlo alejado de esas habitaciones malhumoradas donde el aire no se decide, pasando de seco a h\u00famedo y de c\u00e1lido a fr\u00edo.<\/li>\n<li>Mantente alejado de los lugares demasiado acogedores con calefactores o que toman el sol. A tu amigo de madera no le gusta el bronceado.<\/li>\n<li>Esquiva esos espacios vaporosos, parecidos a una sauna. A Wood no le gusta sudar.<\/li>\n<\/ul>\n<p><strong>\u00bfY al aire libre?<\/strong><\/p>\n<ul>\n<li>Sin duda puedes llevarlo fuera. Al fin y al cabo, esta madera se utilizaba como vigas en los templos chinos y ha resistido realmente la prueba del tiempo PERO&#8230;. ten en cuenta que no le gustan mucho los climas extremos. Si tienes un lugar acogedor al aire libre que no s\u00f3lo est\u00e9 a la sombra, sino que tambi\u00e9n mantenga a raya la lluvia, entonces eres oro. Es un poco como encontrar el lugar perfecto para un picnic: quieres sombra para el sol y un buen \u00e1rbol en lo alto que te proteja de cualquier chaparr\u00f3n sorpresa. As\u00ed, tu amigo de madera se mantendr\u00e1 feliz y sano, lejos de los rayos inclementes y de la lluvia.<\/li>\n<\/ul>\n<p><strong>Manteni\u00e9ndolo resbaladizo:<\/strong><\/p>\n<ul>\n<li>Para que tu amigo de madera siga luciendo elegante, reg\u00e1lale un d\u00eda de spa con un poco de cera de abeja natural o cera antigua de la vieja escuela una vez al mes. Es como un batido para la madera, la mantiene lisa y brillante.<\/li>\n<\/ul>\n<p>&nbsp;<\/p>\n","protected":false},"excerpt":{"rendered":"<p>Hablemos de esta bestia de aqu\u00ed: un maniqu\u00ed de madera sobre un armaz\u00f3n independiente (ahora s\u00ed que se me llena la boca \ud83d\ude42 ) . Imag\u00ednatelo: est\u00e1s en el garaje, en el s\u00f3tano o en una habitaci\u00f3n libre, sudando, con la adrenalina a tope, y ah\u00ed est\u00e1, el mu\u00f1eco de madera, orgulloso y listo para [&hellip;]<\/p>\n","protected":false},"featured_media":0,"template":"","meta":{"_acf_changed":false},"product_cat":[55],"product_tag":[],"class_list":{"0":"post-700","1":"product","2":"type-product","3":"status-publish","5":"product_cat-maniquies-de-wing-chun","7":"first","8":"instock","9":"taxable","10":"shipping-taxable","11":"purchasable","12":"product-type-simple"},"acf":[],"_links":{"self":[{"href":"https:\/\/wingchunmind.com\/es\/wp-json\/wp\/v2\/product\/700","targetHints":{"allow":["GET"]}}],"collection":[{"href":"https:\/\/wingchunmind.com\/es\/wp-json\/wp\/v2\/product"}],"about":[{"href":"https:\/\/wingchunmind.com\/es\/wp-json\/wp\/v2\/types\/product"}],"wp:attachment":[{"href":"https:\/\/wingchunmind.com\/es\/wp-json\/wp\/v2\/media?parent=700"}],"wp:term":[{"taxonomy":"product_cat","embeddable":true,"href":"https:\/\/wingchunmind.com\/es\/wp-json\/wp\/v2\/product_cat?post=700"},{"taxonomy":"product_tag","embeddable":true,"href":"https:\/\/wingchunmind.com\/es\/wp-json\/wp\/v2\/product_tag?post=700"}],"curies":[{"name":"wp","href":"https:\/\/api.w.org\/{rel}","templated":true}]}}