{"id":708,"date":"2024-04-04T14:04:05","date_gmt":"2024-04-04T14:04:05","guid":{"rendered":"https:\/\/wingchunmind.com\/product\/maniqui-de-madera-montado-en-la-pared-barniz-negro\/"},"modified":"2024-07-26T13:08:13","modified_gmt":"2024-07-26T13:08:13","slug":"maniqui-de-madera-montado-en-la-pared-barniz-negro","status":"publish","type":"product","link":"https:\/\/wingchunmind.com\/es\/producto\/maniqui-de-madera-montado-en-la-pared-barniz-negro\/","title":{"rendered":"Maniqu\u00ed de Madera Montado en la Pared (Barniz Negro)"},"content":{"rendered":"<div class=\"flex flex-grow flex-col max-w-full\">\n<div class=\"min-h-[20px] text-message flex flex-col items-start whitespace-pre-wrap break-words [.text-message+&amp;]:mt-5 juice:w-full juice:items-end overflow-x-auto gap-2\" dir=\"auto\" data-message-author-role=\"assistant\" data-message-id=\"c1f96a34-3b18-423f-9b5f-ff93f919ab31\">\n<div class=\"flex w-full flex-col gap-1 juice:empty:hidden juice:first:pt-[3px]\">\n<div class=\"markdown prose w-full break-words dark:prose-invert dark\">\n<p>Muy bien, amigos, reun\u00edos, porque si alguna vez hab\u00e9is pensado en haceros con un mu\u00f1eco de Wing Chun de madera, os espera un regalo \u00fanico.<\/p>\n<p>En primer lugar, si te tomas en serio el Wing Chun o incluso las artes marciales chinas en general, un mu\u00f1eco de madera es como tu compa\u00f1ero silencioso, listo para recibir una paliza en cualquier momento. No es s\u00f3lo un poste de madera con brazos: es una herramienta para perfeccionar tu t\u00e9cnica, sincronizaci\u00f3n y precisi\u00f3n. Cr\u00e9eme, hay algo incre\u00edblemente satisfactorio en dar el golpe perfecto.<\/p>\n<p>La primera vez que tuve mi mu\u00f1eco, lo llam\u00e9 Charlie <span class=\"BxUVEf ILfuVd\" lang=\"en\"><br \/>\n  <span class=\"hgKElc\">\ud83d\ude01<\/span><br \/>\n<\/span><\/p>\n<p>Parece una tonter\u00eda, pero darle un nombre hizo que toda la experiencia fuera m\u00e1s personal. Entrenar con Charlie no era s\u00f3lo practicar; se convirti\u00f3 en una especie de ritual diario. Cada sesi\u00f3n era una oportunidad para mejorar, para esforzarme m\u00e1s. Y s\u00ed, hab\u00eda d\u00edas en que Charlie parec\u00eda defenderse, dej\u00e1ndome con dolor y el ego dolorido. Pero cada magulladura era una lecci\u00f3n, cada error un paso hacia la maestr\u00eda.<\/p>\n<p>Un maniqu\u00ed de madera no es s\u00f3lo para aparentar; se trata de entrenamiento funcional. Cuando trabajas en tus golpes, bloqueos y patadas, necesitas ese feedback realista. Los brazos y la pierna del mu\u00f1eco simulan a un adversario real, d\u00e1ndote la oportunidad de practicar tus \u00e1ngulos y distancias. Y seamos sinceros, es mucho m\u00e1s divertido y sexy que el boxeo de sombra.<\/p>\n<p>\u00bfO ya te hab\u00edas olvidado de esta ic\u00f3nica escena?<\/p>\n<p style=\"text-align: center;\"><div class=\"lyte-wrapper fourthree\" style=\"width:420px;max-width:100%;margin:5px;\"><div class=\"lyMe qsa_\\&amp;start\\=15\" id=\"WYL_HbwC8zBBtfI\"><div id=\"lyte_HbwC8zBBtfI\" data-src=\"\/\/i.ytimg.com\/vi\/HbwC8zBBtfI\/hqdefault.jpg\" class=\"pL\"><div class=\"tC\"><div class=\"tT\"><\/div><\/div><div class=\"play\"><\/div><div class=\"ctrl\"><div class=\"Lctrl\"><\/div><div class=\"Rctrl\"><\/div><\/div><\/div><noscript><a href=\"https:\/\/youtu.be\/HbwC8zBBtfI\" rel=\"nofollow\"><img loading=\"lazy\" decoding=\"async\" src=\"https:\/\/i.ytimg.com\/vi\/HbwC8zBBtfI\/0.jpg\" alt=\"YouTube video thumbnail\" width=\"420\" height=\"295\" \/><br \/>Ver este v\u00eddeo en YouTube<\/a><\/noscript><\/div><\/div><div class=\"lL\" style=\"max-width:100%;width:420px;margin:5px;\"><\/div><\/p>\n<p>No necesitas una configuraci\u00f3n sofisticada para empezar. La m\u00eda est\u00e1 instalada en el garaje, justo entre el cortac\u00e9sped y los viejos adornos navide\u00f1os. No importa d\u00f3nde entrenes, siempre que le dediques tiempo. Si tienes espacio para mover los brazos, tienes espacio para un mu\u00f1eco.<\/p>\n<p>Hablemos de durabilidad. Estas cosas est\u00e1n hechas para durar. La construcci\u00f3n en madera maciza significa que puede soportar a\u00f1os de castigo sin romperse.De hecho, en estos 15 a\u00f1os que llevamos fabric\u00e1ndolas no se nos ha vuelto a romper ni una.<\/p>\n<p>Es una inversi\u00f3n \u00fanica que se amortiza cada vez que la utilizas. Y si alguna vez necesitas trasladarla, la mayor\u00eda de los modelos son bastante f\u00e1ciles de desmontar y transportar.<\/p>\n<p>Ahora, hablemos del elefante en la habitaci\u00f3n: el precio. Claro que no es el equipo m\u00e1s barato, pero piensa en lo que obtienes. No es s\u00f3lo una herramienta de entrenamiento; es un mentor que no contesta, un compa\u00f1ero de combate que siempre est\u00e1 disponible y un trozo de historia de las artes marciales que puedes poseer. Adem\u00e1s, te ahorrar\u00e1s los viajes al dojo: \u00e9ste es tu dojo.<\/p>\n<p>Cr\u00e9eme, tu yo futuro, con las habilidades y la velocidad m\u00e1s afiladas, te lo agradecer\u00e1. Y qui\u00e9n sabe, a lo mejor hasta le pones nombre al tuyo <span class=\"BxUVEf ILfuVd\" lang=\"en\"><br \/>\n  <span class=\"hgKElc\">\ud83d\ude09<\/span><br \/>\n<\/span><\/p>\n<p>&nbsp;<\/p>\n<h2>La creaci\u00f3n de<\/h2>\n<p>Imag\u00ednatelo: un trozo de historia antigua, justo en tu casa. Estas piezas de madera de olmo est\u00e1n hechas con madera recuperada de antiguos templos chinos, cada una de ellas repleta de historias de siglos pasados. Puede que la madera de olmo no sea la m\u00e1s ex\u00f3tica, pero tiene fama de ser resistente y fiable.<\/p>\n<p>Cuando te llevas una de estas piezas a casa, no s\u00f3lo te llevas un mueble s\u00f3lido, sino que a\u00f1ades un trozo de historia antigua a tu espacio. Claro que la madera puede tener algunas imperfecciones, pero eso forma parte de su encanto. Estas marcas cuentan una historia y a\u00f1aden car\u00e1cter, sin comprometer la calidad ni la durabilidad.<\/p>\n<p>Piensa en esos peque\u00f1os defectos como un testimonio del viaje de la madera a trav\u00e9s del tiempo. Es como tener un trozo de historia con personalidad propia. Tanto si lo colocas en el sal\u00f3n como en el estudio o incluso en la cocina, estas piezas de madera de olmo encajar\u00e1n a la perfecci\u00f3n y a\u00f1adir\u00e1n un toque \u00fanico.<\/p>\n<p>Imagina esto: tus amigos vienen a casa y t\u00fa mencionas casualmente que tu nuevo mueble procede de un templo chino centenario. Al instante, \u00a1se convierte en el punto \u00e1lgido de la conversaci\u00f3n! Adem\u00e1s, es una opci\u00f3n ecol\u00f3gica, que da un nuevo uso a la madera vieja.<\/p>\n<p>As\u00ed que, si buscas algo duradero que venga acompa\u00f1ado de una rica historia, estas piezas de madera de olmo son perfectas. No son s\u00f3lo muebles; son piezas de historia listas para formar parte de tu hogar.<\/p>\n<p>&nbsp;<\/p>\n<\/div>\n<\/div>\n<\/div>\n<\/div>\n<p>&nbsp;<\/p>\n<h2><strong>Consejos para cuidar y guardar tu Sidekick de madera<\/strong><\/h2>\n<p><strong>D\u00f3nde aparcar a tu compa\u00f1ero:<\/strong><\/p>\n<ul>\n<li>Busca un lugar acogedor donde el aire sea el adecuado, idealmente donde el term\u00f3metro oscile entre los 12 y los 21 grados Celsius.<\/li>\n<li>Mantenlo alejado de esas habitaciones malhumoradas donde el aire no se decide, pasando de seco a h\u00famedo y de c\u00e1lido a fr\u00edo.<\/li>\n<li>Mantente alejado de los lugares demasiado acogedores con calefactores o que toman el sol. A tu amigo de madera no le gusta el bronceado.<\/li>\n<li>Esquiva esos espacios vaporosos, parecidos a una sauna. A Wood no le gusta sudar.<\/li>\n<\/ul>\n<p><strong>\u00bfY al aire libre?<\/strong><\/p>\n<ul>\n<li>Sin duda puedes llevarlo fuera. Al fin y al cabo, esta madera se utilizaba como vigas en los templos chinos y ha resistido realmente la prueba del tiempo PERO&#8230;. ten en cuenta que no le gustan mucho los climas extremos. Si tienes un lugar acogedor al aire libre que no s\u00f3lo est\u00e9 a la sombra, sino que tambi\u00e9n mantenga a raya la lluvia, entonces eres oro. Es un poco como encontrar el lugar perfecto para un picnic: quieres sombra para el sol y un buen \u00e1rbol en lo alto que te proteja de cualquier chaparr\u00f3n sorpresa. As\u00ed, tu amigo de madera se mantendr\u00e1 feliz y sano, lejos de los rayos inclementes y de la lluvia.<\/li>\n<\/ul>\n<p><strong>Manteni\u00e9ndolo resbaladizo:<\/strong><\/p>\n<ul>\n<li>Para que tu amigo de madera siga luciendo elegante, reg\u00e1lale un d\u00eda de spa con un poco de cera de abeja natural o cera antigua de la vieja escuela una vez al mes. Es como un batido para la madera, la mantiene lisa y brillante.<\/li>\n<\/ul>\n<p>&nbsp;<\/p>\n","protected":false},"excerpt":{"rendered":"<p>Muy bien, amigos, reun\u00edos, porque si alguna vez hab\u00e9is pensado en haceros con un mu\u00f1eco de Wing Chun de madera, os espera un regalo \u00fanico. En primer lugar, si te tomas en serio el Wing Chun o incluso las artes marciales chinas en general, un mu\u00f1eco de madera es como tu compa\u00f1ero silencioso, listo para [&hellip;]<\/p>\n","protected":false},"featured_media":0,"template":"","meta":{"_acf_changed":false},"product_cat":[55],"product_tag":[],"class_list":{"0":"post-708","1":"product","2":"type-product","3":"status-publish","5":"product_cat-maniquies-de-wing-chun","7":"first","8":"instock","9":"sale","10":"taxable","11":"shipping-taxable","12":"purchasable","13":"product-type-simple"},"acf":[],"_links":{"self":[{"href":"https:\/\/wingchunmind.com\/es\/wp-json\/wp\/v2\/product\/708","targetHints":{"allow":["GET"]}}],"collection":[{"href":"https:\/\/wingchunmind.com\/es\/wp-json\/wp\/v2\/product"}],"about":[{"href":"https:\/\/wingchunmind.com\/es\/wp-json\/wp\/v2\/types\/product"}],"wp:attachment":[{"href":"https:\/\/wingchunmind.com\/es\/wp-json\/wp\/v2\/media?parent=708"}],"wp:term":[{"taxonomy":"product_cat","embeddable":true,"href":"https:\/\/wingchunmind.com\/es\/wp-json\/wp\/v2\/product_cat?post=708"},{"taxonomy":"product_tag","embeddable":true,"href":"https:\/\/wingchunmind.com\/es\/wp-json\/wp\/v2\/product_tag?post=708"}],"curies":[{"name":"wp","href":"https:\/\/api.w.org\/{rel}","templated":true}]}}