{"id":722,"date":"2024-04-15T18:55:41","date_gmt":"2024-04-15T18:55:41","guid":{"rendered":"https:\/\/wingchunmind.com\/product\/zapatos-feiyue-top-one-negros\/"},"modified":"2024-08-14T19:41:37","modified_gmt":"2024-08-14T19:41:37","slug":"zapatos-feiyue-top-one-negros","status":"publish","type":"product","link":"https:\/\/wingchunmind.com\/es\/producto\/zapatos-feiyue-top-one-negros\/","title":{"rendered":"Zapatos Feiyue (Top One) &#8211; Negros"},"content":{"rendered":"<p>El nombre \u00abFeiyue\u00bb (chino simplificado: \u98de\u8dc3; chino tradicional: \u98db\u8e8d; pinyin: f\u0113i yu\u00e8) significa \u00absaltar\u00bb o \u00absobrevolar\u00bb, un t\u00e9rmino que evoca agilidad y progreso. El viaje de Feiyue comenz\u00f3 en la d\u00e9cada de 1920 en Shanghai, donde se fabricaban zapatos de tela para uso cotidiano.<\/p>\n<p>En 1958, la Compa\u00f1\u00eda de Caucho DaFu las hab\u00eda transformado en las zapatillas \u00abFeiyue\u00bb, hechas a medida para artistas marciales como los monjes Shaolin. Estas zapatillas ganaron fama r\u00e1pidamente en la d\u00e9cada de 1930 por su durabilidad, flexibilidad y comodidad, convirti\u00e9ndose en esenciales para las artes marciales y diversas actividades atl\u00e9ticas. Se convirtieron en un elemento b\u00e1sico para los practicantes y atletas de wushu de toda China.<\/p>\n<p>Sin embargo, el viaje de Feiyue no est\u00e1 exento de complejidades. Hay una disputa en curso sobre la marca registrada y los derechos de propiedad intelectual entre la empresa estadounidense Feiyue International, LLC, y el fabricante original, Shanghai DaFu Rubber Co. Mientras que DaFu conserva los derechos de marca en China, Feiyue International tiene los derechos en muchas otras partes del mundo. En 2009, DaFu vendi\u00f3 los derechos a Shuang Qian Group Co. Ltd, que luego volvi\u00f3 a arrendar la fabricaci\u00f3n a DaFu y a otro fabricante, Top One (\u5927\u535a\u6587).<\/p>\n<p>Los zapatos que adquirimos son los modelos Top One , distintos de las versiones m\u00e1s caras y modernas disponibles en EE.UU. y en el resto del mundo. A pesar de las disputas sobre la marca, el legado de las zapatillas Feiyue perdura, apreciado tanto por los atletas como por los entusiastas de la moda por su mezcla de tradici\u00f3n y estilo contempor\u00e1neo.<\/p>\n<p>&nbsp;<\/p>\n<p>&nbsp;<\/p>\n<p>&nbsp;<\/p>\n<p>&nbsp;<\/p>\n","protected":false},"excerpt":{"rendered":"<p>El nombre \u00abFeiyue\u00bb (chino simplificado: \u98de\u8dc3; chino tradicional: \u98db\u8e8d; pinyin: f\u0113i yu\u00e8) significa \u00absaltar\u00bb o \u00absobrevolar\u00bb, un t\u00e9rmino que evoca agilidad y progreso. El viaje de Feiyue comenz\u00f3 en la d\u00e9cada de 1920 en Shanghai, donde se fabricaban zapatos de tela para uso cotidiano. En 1958, la Compa\u00f1\u00eda de Caucho DaFu las hab\u00eda transformado en [&hellip;]<\/p>\n","protected":false},"featured_media":0,"template":"","meta":{"_acf_changed":false},"product_cat":[59],"product_tag":[],"class_list":{"0":"post-722","1":"product","2":"type-product","3":"status-publish","5":"product_cat-equipo-de-entrenamiento","7":"first","8":"instock","9":"taxable","10":"shipping-taxable","11":"purchasable","12":"product-type-variable"},"acf":[],"_links":{"self":[{"href":"https:\/\/wingchunmind.com\/es\/wp-json\/wp\/v2\/product\/722","targetHints":{"allow":["GET"]}}],"collection":[{"href":"https:\/\/wingchunmind.com\/es\/wp-json\/wp\/v2\/product"}],"about":[{"href":"https:\/\/wingchunmind.com\/es\/wp-json\/wp\/v2\/types\/product"}],"wp:attachment":[{"href":"https:\/\/wingchunmind.com\/es\/wp-json\/wp\/v2\/media?parent=722"}],"wp:term":[{"taxonomy":"product_cat","embeddable":true,"href":"https:\/\/wingchunmind.com\/es\/wp-json\/wp\/v2\/product_cat?post=722"},{"taxonomy":"product_tag","embeddable":true,"href":"https:\/\/wingchunmind.com\/es\/wp-json\/wp\/v2\/product_tag?post=722"}],"curies":[{"name":"wp","href":"https:\/\/api.w.org\/{rel}","templated":true}]}}