{"id":587,"date":"2024-04-15T19:37:14","date_gmt":"2024-04-15T19:37:14","guid":{"rendered":"https:\/\/wingchunmind.com\/product\/sac-de-frappe-a-paroi-unique\/"},"modified":"2024-07-26T12:18:34","modified_gmt":"2024-07-26T12:18:34","slug":"sac-de-frappe-a-paroi-unique","status":"publish","type":"product","link":"https:\/\/wingchunmind.com\/fr\/produit\/sac-de-frappe-a-paroi-unique\/","title":{"rendered":"Sac de frappe \u00e0 paroi unique"},"content":{"rendered":"<p><span class=\"\">Les sacs de frappe traditionnels chinois, tels que les sacs de frappe Wing Chun, jouent un r\u00f4le important dans l&rsquo;entra\u00eenement aux arts martiaux, offrant un moyen unique et efficace de d\u00e9velopper les capacit\u00e9s de frappe, la puissance et la pr\u00e9cision.  <\/span><\/p>\n<p><span class=\"\">Ces sacs ne sont pas seulement utilis\u00e9s dans le Wing Chun Kung Fu mais aussi dans d&rsquo;autres styles d&rsquo;arts martiaux traditionnels chinois.<\/span><\/p>\n<p><span class=\"\">Ces sacs de frappe muraux sont constitu\u00e9s d&rsquo;une solide enveloppe ext\u00e9rieure en toile et d&rsquo;une surface de frappe en cuir PU que vous (ou nous) pouvez remplir de mat\u00e9riaux tels que du sable, des haricots ou du riz afin d&rsquo;offrir une r\u00e9sistance et un retour d&rsquo;information lorsque vous les frappez. Ils sont mont\u00e9s solidement sur les murs \u00e0 diff\u00e9rentes hauteurs pour r\u00e9pondre aux diff\u00e9rents besoins et techniques de formation.<\/span><\/p>\n<p><span class=\"\">Les pratiquants utilisent ces sacs muraux pour affiner leurs techniques de frappe, am\u00e9liorer la coordination \u0153il-main et renforcer leurs bras, leurs \u00e9paules et leurs muscles abdominaux. L&rsquo;impact r\u00e9p\u00e9titif sur le sac permet de d\u00e9velopper la m\u00e9moire musculaire, la vitesse et la pr\u00e9cision des frappes.  <\/span><\/p>\n<p><span class=\"\">En outre, l&rsquo;entra\u00eenement avec des sacs de frappe muraux peut am\u00e9liorer la concentration et la discipline mentale.<\/span> <span class=\"\">Dans les arts martiaux traditionnels chinois, le sac de frappe mural est un outil polyvalent qui permet de pratiquer un large \u00e9ventail de coups, notamment des coups de poing, des coups de paume, des coups de coude et des coups de pied.  <\/span><\/p>\n<p><span class=\"\">En s&rsquo;entra\u00eenant r\u00e9guli\u00e8rement sur ces sacs, les pratiquants d&rsquo;arts martiaux peuvent affiner leurs techniques, augmenter leur puissance et leur vitesse et cultiver la bonne m\u00e9canique corporelle, essentielle pour une autod\u00e9fense efficace et des comp\u00e9tences de combat.<\/span><\/p>\n","protected":false},"excerpt":{"rendered":"<p>Les sacs de frappe traditionnels chinois, tels que les sacs de frappe Wing Chun, jouent un r\u00f4le important dans l&rsquo;entra\u00eenement aux arts martiaux, offrant un moyen unique et efficace de d\u00e9velopper les capacit\u00e9s de frappe, la puissance et la pr\u00e9cision. Ces sacs ne sont pas seulement utilis\u00e9s dans le Wing Chun Kung Fu mais aussi [&hellip;]<\/p>\n","protected":false},"featured_media":0,"template":"","meta":{"_acf_changed":false},"product_cat":[57],"product_tag":[],"class_list":{"0":"post-587","1":"product","2":"type-product","3":"status-publish","5":"product_cat-materiel-de-formation","7":"first","8":"instock","9":"taxable","10":"shipping-taxable","11":"purchasable","12":"product-type-variable"},"acf":[],"_links":{"self":[{"href":"https:\/\/wingchunmind.com\/fr\/wp-json\/wp\/v2\/product\/587","targetHints":{"allow":["GET"]}}],"collection":[{"href":"https:\/\/wingchunmind.com\/fr\/wp-json\/wp\/v2\/product"}],"about":[{"href":"https:\/\/wingchunmind.com\/fr\/wp-json\/wp\/v2\/types\/product"}],"wp:attachment":[{"href":"https:\/\/wingchunmind.com\/fr\/wp-json\/wp\/v2\/media?parent=587"}],"wp:term":[{"taxonomy":"product_cat","embeddable":true,"href":"https:\/\/wingchunmind.com\/fr\/wp-json\/wp\/v2\/product_cat?post=587"},{"taxonomy":"product_tag","embeddable":true,"href":"https:\/\/wingchunmind.com\/fr\/wp-json\/wp\/v2\/product_tag?post=587"}],"curies":[{"name":"wp","href":"https:\/\/api.w.org\/{rel}","templated":true}]}}