{"id":618,"date":"2024-04-15T19:20:24","date_gmt":"2024-04-15T19:20:24","guid":{"rendered":"https:\/\/wingchunmind.com\/product\/serrure-en-pierre-chinoise\/"},"modified":"2024-07-26T13:12:52","modified_gmt":"2024-07-26T13:12:52","slug":"serrure-en-pierre-chinoise","status":"publish","type":"product","link":"https:\/\/wingchunmind.com\/fr\/produit\/serrure-en-pierre-chinoise\/","title":{"rendered":"Serrure en pierre chinoise"},"content":{"rendered":"<p>Verrous de pierre chinois, \u00e9galement connus sous le nom de kettlebells chinois. Ces objets existent depuis la Chine ancienne, et ils ne sont pas l\u00e0 pour faire joli : ils sont la solution id\u00e9ale pour un entra\u00eenement musculaire s\u00e9rieux. Nos serrures en pierre sont fabriqu\u00e9es en pierre bleue. Ils ressemblent \u00e0 des cloches sans battant et sont utilis\u00e9s par les pratiquants d&rsquo;arts martiaux en Chine depuis des si\u00e8cles.<\/p>\n<div class=\"flex flex-grow flex-col max-w-full\">\n<div class=\"min-h-[20px] text-message flex flex-col items-start whitespace-pre-wrap break-words [.text-message+&amp;]:mt-5 juice:w-full juice:items-end overflow-x-auto gap-2\" dir=\"auto\" data-message-author-role=\"assistant\" data-message-id=\"7fbde326-667a-4e2c-86a8-8d3b8943cfb7\">\n<div class=\"flex w-full flex-col gap-1 juice:empty:hidden juice:first:pt-[3px]\">\n<div class=\"markdown prose w-full break-words dark:prose-invert dark\">\n<p>Je me souviens de la premi\u00e8re fois que j&rsquo;ai pris une serrure en pierre ; j&rsquo;ai eu l&rsquo;impression de tenir un morceau d&rsquo;histoire. Ces poids sont parfaits pour des exercices tels que les swings, les snatches et les presses. Ils contribuent \u00e0 am\u00e9liorer votre force et votre condition physique g\u00e9n\u00e9rale. Disponible dans des poids allant de 5 kg \u00e0 15 kg, il y en a pour tous les go\u00fbts, quel que soit votre niveau d&rsquo;exp\u00e9rience.<\/p>\n<p>L&rsquo;utilisation de Chinese Stone Locks ne se limite pas \u00e0 la construction musculaire. Dans la m\u00e9decine traditionnelle chinoise, on pense qu&rsquo;ils \u00e9quilibrent l&rsquo;\u00e9nergie du corps, am\u00e9liorent la circulation et renforcent les muscles et les os. C&rsquo;est comme si vous faisiez de l&rsquo;exercice et que vous \u00e9tiez en bonne sant\u00e9 en m\u00eame temps.<\/p>\n<p>Ces poids ont \u00e9galement trouv\u00e9 leur place dans l&rsquo;entra\u00eenement moderne avec des kettlebells. Dans le monde entier, les gens se rendent compte de leur efficacit\u00e9 pour am\u00e9liorer la force et l&rsquo;endurance. Et ce n&rsquo;est pas seulement pour les artistes martiaux, c&rsquo;est aussi pour tous ceux qui veulent am\u00e9liorer leur forme physique.<\/p>\n<p>J&rsquo;utilise mes serrures en pierre deux fois par week\ud83c\udfcb\ufe0f, et elles sont devenues un \u00e9l\u00e9ment essentiel de ma routine d&rsquo;entra\u00eenement. La forme unique et la r\u00e9partition du poids offrent un d\u00e9fi diff\u00e9rent des poids traditionnels.<\/p>\n<p>Si vous aimez les m\u00e9thodes d&rsquo;entra\u00eenement traditionnelles ou si vous souhaitez simplement ajouter quelque chose d&rsquo;unique et d&rsquo;efficace \u00e0 vos s\u00e9ances d&rsquo;entra\u00eenement, les verrous en pierre chinois sont un excellent choix. Ils sont robustes, riches en histoire et incroyablement efficaces. Que vous les balanciez, les lanciez, les pressiez, les tiriez ou les teniez simplement, vous sentirez la diff\u00e9rence dans votre entra\u00eenement.<\/p>\n<\/div>\n<\/div>\n<\/div>\n<\/div>\n","protected":false},"excerpt":{"rendered":"<p>Verrous de pierre chinois, \u00e9galement connus sous le nom de kettlebells chinois. Ces objets existent depuis la Chine ancienne, et ils ne sont pas l\u00e0 pour faire joli : ils sont la solution id\u00e9ale pour un entra\u00eenement musculaire s\u00e9rieux. Nos serrures en pierre sont fabriqu\u00e9es en pierre bleue. Ils ressemblent \u00e0 des cloches sans battant [&hellip;]<\/p>\n","protected":false},"featured_media":0,"template":"","meta":{"_acf_changed":false},"product_cat":[57],"product_tag":[],"class_list":{"0":"post-618","1":"product","2":"type-product","3":"status-publish","5":"product_cat-materiel-de-formation","7":"first","8":"instock","9":"taxable","10":"shipping-taxable","11":"purchasable","12":"product-type-variable"},"acf":[],"_links":{"self":[{"href":"https:\/\/wingchunmind.com\/fr\/wp-json\/wp\/v2\/product\/618","targetHints":{"allow":["GET"]}}],"collection":[{"href":"https:\/\/wingchunmind.com\/fr\/wp-json\/wp\/v2\/product"}],"about":[{"href":"https:\/\/wingchunmind.com\/fr\/wp-json\/wp\/v2\/types\/product"}],"wp:attachment":[{"href":"https:\/\/wingchunmind.com\/fr\/wp-json\/wp\/v2\/media?parent=618"}],"wp:term":[{"taxonomy":"product_cat","embeddable":true,"href":"https:\/\/wingchunmind.com\/fr\/wp-json\/wp\/v2\/product_cat?post=618"},{"taxonomy":"product_tag","embeddable":true,"href":"https:\/\/wingchunmind.com\/fr\/wp-json\/wp\/v2\/product_tag?post=618"}],"curies":[{"name":"wp","href":"https:\/\/api.w.org\/{rel}","templated":true}]}}