{"id":688,"date":"2024-04-15T18:55:41","date_gmt":"2024-04-15T18:55:41","guid":{"rendered":"https:\/\/wingchunmind.com\/product\/chaussures-feiyue-top-one-noir\/"},"modified":"2024-08-14T19:41:37","modified_gmt":"2024-08-14T19:41:37","slug":"chaussures-feiyue-top-one-noir","status":"publish","type":"product","link":"https:\/\/wingchunmind.com\/fr\/produit\/chaussures-feiyue-top-one-noir\/","title":{"rendered":"Chaussures Feiyue (Top One) &#8211; Noir"},"content":{"rendered":"<p>Le nom \u00ab\u00a0Feiyue\u00a0\u00bb (chinois simplifi\u00e9 : \u98de\u8dc3 ; chinois traditionnel : \u98db\u8e8d ; pinyin : f\u0113i yu\u00e8) signifie \u00ab\u00a0sauter\u00a0\u00bb ou \u00ab\u00a0survoler\u00a0\u00bb, un terme qui \u00e9voque l&rsquo;agilit\u00e9 et le progr\u00e8s. L&rsquo;aventure de Feiyue a commenc\u00e9 dans les ann\u00e9es 1920 \u00e0 Shanghai, o\u00f9 l&rsquo;on fabriquait des chaussures en tissu pour un usage quotidien.<\/p>\n<p>En 1958, la DaFu Rubber Company a innov\u00e9 en cr\u00e9ant les chaussures \u00ab\u00a0Feiyue\u00a0\u00bb, con\u00e7ues pour les pratiquants d&rsquo;arts martiaux tels que les moines de Shaolin. Ces chaussures sont rapidement devenues c\u00e9l\u00e8bres dans les ann\u00e9es 1930 pour leur durabilit\u00e9, leur flexibilit\u00e9 et leur confort, et sont devenues essentielles pour les arts martiaux et diverses activit\u00e9s athl\u00e9tiques. Ils sont devenus un \u00e9l\u00e9ment essentiel pour les pratiquants de wushu et les athl\u00e8tes dans toute la Chine.<\/p>\n<p>Cependant, le parcours de Feiyue n&rsquo;est pas sans complexit\u00e9. Un litige portant sur la marque et les droits de propri\u00e9t\u00e9 intellectuelle oppose la soci\u00e9t\u00e9 Feiyue International, LLC, bas\u00e9e aux \u00c9tats-Unis, et le fabricant d&rsquo;origine, Shanghai DaFu Rubber Co. Alors que DaFu conserve les droits de marque en Chine, Feiyue International d\u00e9tient les droits dans de nombreuses autres parties du monde. En 2009, DaFu a vendu les droits \u00e0 Shuang Qian Group Co. Ltd, qui a ensuite lou\u00e9 la fabrication \u00e0 DaFu et \u00e0 un autre fabricant, Top One (\u5927\u535a\u6587).<\/p>\n<p>Les chaussures que nous achetons sont des mod\u00e8les Top One, distincts des versions plus ch\u00e8res et plus tendance disponibles aux \u00c9tats-Unis et dans le monde entier. Malgr\u00e9 les litiges relatifs \u00e0 la marque, l&rsquo;h\u00e9ritage des chaussures Feiyue perdure, ch\u00e8res aux athl\u00e8tes et aux amateurs de mode pour leur m\u00e9lange de tradition et de style contemporain.<\/p>\n<p>&nbsp;<\/p>\n<p>&nbsp;<\/p>\n<p>&nbsp;<\/p>\n<p>&nbsp;<\/p>\n","protected":false},"excerpt":{"rendered":"<p>Le nom \u00ab\u00a0Feiyue\u00a0\u00bb (chinois simplifi\u00e9 : \u98de\u8dc3 ; chinois traditionnel : \u98db\u8e8d ; pinyin : f\u0113i yu\u00e8) signifie \u00ab\u00a0sauter\u00a0\u00bb ou \u00ab\u00a0survoler\u00a0\u00bb, un terme qui \u00e9voque l&rsquo;agilit\u00e9 et le progr\u00e8s. L&rsquo;aventure de Feiyue a commenc\u00e9 dans les ann\u00e9es 1920 \u00e0 Shanghai, o\u00f9 l&rsquo;on fabriquait des chaussures en tissu pour un usage quotidien. En 1958, la DaFu [&hellip;]<\/p>\n","protected":false},"featured_media":0,"template":"","meta":{"_acf_changed":false},"product_cat":[57],"product_tag":[],"class_list":{"0":"post-688","1":"product","2":"type-product","3":"status-publish","5":"product_cat-materiel-de-formation","7":"first","8":"instock","9":"taxable","10":"shipping-taxable","11":"purchasable","12":"product-type-variable"},"acf":[],"_links":{"self":[{"href":"https:\/\/wingchunmind.com\/fr\/wp-json\/wp\/v2\/product\/688","targetHints":{"allow":["GET"]}}],"collection":[{"href":"https:\/\/wingchunmind.com\/fr\/wp-json\/wp\/v2\/product"}],"about":[{"href":"https:\/\/wingchunmind.com\/fr\/wp-json\/wp\/v2\/types\/product"}],"wp:attachment":[{"href":"https:\/\/wingchunmind.com\/fr\/wp-json\/wp\/v2\/media?parent=688"}],"wp:term":[{"taxonomy":"product_cat","embeddable":true,"href":"https:\/\/wingchunmind.com\/fr\/wp-json\/wp\/v2\/product_cat?post=688"},{"taxonomy":"product_tag","embeddable":true,"href":"https:\/\/wingchunmind.com\/fr\/wp-json\/wp\/v2\/product_tag?post=688"}],"curies":[{"name":"wp","href":"https:\/\/api.w.org\/{rel}","templated":true}]}}