{"id":691,"date":"2024-03-31T20:25:05","date_gmt":"2024-03-31T20:25:05","guid":{"rendered":"https:\/\/wingchunmind.com\/product\/mannequin-en-bois-sur-pied-avec-cadre\/"},"modified":"2024-07-26T12:22:10","modified_gmt":"2024-07-26T12:22:10","slug":"mannequin-en-bois-sur-pied-avec-cadre","status":"publish","type":"product","link":"https:\/\/wingchunmind.com\/fr\/produit\/mannequin-en-bois-sur-pied-avec-cadre\/","title":{"rendered":"Mannequin en bois sur pied avec cadre"},"content":{"rendered":"<p>Parlons de cette b\u00eate ici &#8211; un mannequin de bois sur un cadre autoportant (c&rsquo;est un peu fort de caf\u00e9 \ud83d\ude42 ).<\/p>\n<p>Imaginez : vous \u00eates dans votre garage, votre sous-sol ou votre chambre d&rsquo;amis, la sueur coule, l&rsquo;adr\u00e9naline monte, et voil\u00e0 le mannequin de bois qui se dresse fi\u00e8rement, pr\u00eat \u00e0 passer \u00e0 l&rsquo;action. C&rsquo;est comme avoir un partenaire d&rsquo;entra\u00eenement qui ne se plaint jamais, qui ne se fatigue jamais et qui ne vous donne pas de coups en retour. Qu&rsquo;y a-t-il \u00e0 ne pas aimer ?<\/p>\n<p>Fabriqu\u00e9 en bois massif, ce mannequin n&rsquo;ira nulle part. Il est r\u00e9sistant, durable et peut prendre des coups, au sens propre du terme. Le cadre est autoportant, vous n&rsquo;avez donc pas \u00e0 vous soucier de percer des trous dans vos murs. D\u00e9placez-la, trouvez l&rsquo;endroit id\u00e9al et laissez l&rsquo;entra\u00eenement commencer.<\/p>\n<p>Que vous soyez un pratiquant d&rsquo;arts martiaux chevronn\u00e9 ou que vous d\u00e9butiez, le mannequin de bois est votre outil de pr\u00e9dilection. Il est id\u00e9al pour pratiquer les frappes, les blocages et les mouvements fluides du Wing Chun. De plus, c&rsquo;est un excellent moyen de se d\u00e9fouler apr\u00e8s une longue journ\u00e9e.<\/p>\n<p>Permettez-moi de vous raconter une petite histoire. Lorsque j&rsquo;ai eu mon premier mannequin (Charly&#8230;), cela a chang\u00e9 la donne. Avant cela, je faisais du shadowboxing et je pratiquais les formes (Taolu) comme un fou, mais il me manquait quelque chose. Puis j&rsquo;ai eu ce mauvais gar\u00e7on, et bam ! Mes techniques se sont am\u00e9lior\u00e9es, ma confiance a grimp\u00e9 en fl\u00e8che et j&rsquo;ai cess\u00e9 de frapper l&rsquo;air. C&rsquo;est comme avoir un vrai adversaire, les bleus en moins.<\/p>\n<p>Ne vous contentez pas de rester l\u00e0 &#8211; m\u00e9langez-les ! Pratiquez vos formes, travaillez votre vitesse ou faites comme si vous \u00e9tiez dans un film de kung-fu \u00e9pique \ud83d\ude09<\/p>\n<p style=\"text-align: center;\"><div class=\"lyte-wrapper fourthree\" style=\"width:420px;max-width:100%;margin:5px;\"><div class=\"lyMe qsa_\\&amp;start\\=30\" id=\"WYL_ySoItOwtdYQ\"><div id=\"lyte_ySoItOwtdYQ\" data-src=\"\/\/i.ytimg.com\/vi\/ySoItOwtdYQ\/hqdefault.jpg\" class=\"pL\"><div class=\"tC\"><div class=\"tT\"><\/div><\/div><div class=\"play\"><\/div><div class=\"ctrl\"><div class=\"Lctrl\"><\/div><div class=\"Rctrl\"><\/div><\/div><\/div><noscript><a href=\"https:\/\/youtu.be\/ySoItOwtdYQ\" rel=\"nofollow\"><img loading=\"lazy\" decoding=\"async\" src=\"https:\/\/i.ytimg.com\/vi\/ySoItOwtdYQ\/0.jpg\" alt=\"YouTube video thumbnail\" width=\"420\" height=\"295\" \/><br \/>Lire cette vid\u00e9o sur YouTube<\/a><\/noscript><\/div><\/div><div class=\"lL\" style=\"max-width:100%;width:420px;margin:5px;\"><\/div><\/p>\n<p>&nbsp;<\/p>\n<p>Ne perdons pas de vue l&rsquo;\u00e9vidence : cet objet a l&rsquo;air cool. Il offre une ambiance rustique et ancienne qui donnera \u00e0 votre espace d&rsquo;entra\u00eenement des allures de dojo d&rsquo;arts martiaux. Vos amis viennent chez vous, le voient, et soudain, vous \u00eates la personne la plus cool qu&rsquo;ils connaissent. Croyez-moi, c&rsquo;est un excellent moyen d&rsquo;engager la conversation.<\/p>\n<p>L&rsquo;installation du mannequin de bois est un jeu d&rsquo;enfant. Il n&rsquo;est pas n\u00e9cessaire d&rsquo;avoir un dipl\u00f4me d&rsquo;ing\u00e9nieur. Il suffit de suivre les instructions et les rep\u00e8res sur les diff\u00e9rentes pi\u00e8ces pour le monter en un rien de temps. Ensuite, il s&rsquo;agit de passer aux choses s\u00e9rieuses et de perfectionner ces mouvements.<\/p>\n<h2>A propos de la construction de ce mannequin en bois<\/h2>\n<p>Imaginez que vous ayez une tranche d&rsquo;histoire chez vous. Ces pi\u00e8ces en bois d&rsquo;orme proviennent d&rsquo;anciens temples chinois. Elles sont porteuses d&rsquo;histoires s\u00e9culaires et conf\u00e8rent une atmosph\u00e8re unique \u00e0 votre espace. L&rsquo;orme n&rsquo;est peut-\u00eatre pas le bois le plus tape-\u00e0-l&rsquo;\u0153il, mais il est solide comme un clou et a r\u00e9sist\u00e9 \u00e0 l&rsquo;\u00e9preuve du temps.<\/p>\n<p>Lorsque vous ramenez l&rsquo;un de ces objets chez vous, vous ne vous contentez pas d&rsquo;obtenir un objet de d\u00e9coration solide, vous int\u00e9grez un morceau d&rsquo;histoire ancienne dans votre vie quotidienne. Certes, le bois peut pr\u00e9senter quelques imperfections, mais celles-ci ajoutent du caract\u00e8re sans sacrifier la qualit\u00e9 ou la durabilit\u00e9.<\/p>\n<p>Consid\u00e9rez les petits d\u00e9fauts comme des traits de personnalit\u00e9, mettant en valeur l&rsquo;incroyable parcours du bois. C&rsquo;est comme avoir une \u0153uvre d&rsquo;art qui a travers\u00e9 les \u00e2ges. Que vous les placiez dans votre salon, votre bureau ou m\u00eame votre cuisine, ces pi\u00e8ces en bois d&rsquo;orme apportent une touche unique o\u00f9 qu&rsquo;elles aillent.<\/p>\n<p>Imaginez la r\u00e9action de vos amis lorsque vous leur direz que votre nouvelle pi\u00e8ce provient d&rsquo;un temple chinois vieux de plusieurs si\u00e8cles. C&rsquo;est un sujet de conversation instantan\u00e9 ! De plus, il s&rsquo;agit d&rsquo;un choix durable, qui donne une seconde vie au vieux bois.<\/p>\n<p>Si vous souhaitez un objet \u00e0 la fois durable et charg\u00e9 d&rsquo;histoire, ces pi\u00e8ces en bois d&rsquo;orme sont parfaites. Il ne s&rsquo;agit pas seulement d&rsquo;objets, mais d&rsquo;histoires qui ne demandent qu&rsquo;\u00e0 \u00eatre partag\u00e9es.<\/p>\n<p>&nbsp;<\/p>\n<h2><strong>Conseils d&rsquo;entretien et de rangement pour votre acolyte en bois<\/strong><\/h2>\n<p><strong>O\u00f9 garer votre copain :<\/strong><\/p>\n<ul>\n<li>Trouvez un endroit confortable o\u00f9 l&rsquo;air est agr\u00e9able, id\u00e9alement l\u00e0 o\u00f9 le thermom\u00e8tre oscille entre 12 et 21 degr\u00e9s Celsius.<\/li>\n<li>Gardez-le \u00e0 l&rsquo;\u00e9cart des pi\u00e8ces lunatiques o\u00f9 l&rsquo;air n&rsquo;arrive pas \u00e0 se d\u00e9cider, passant de la s\u00e9cheresse \u00e0 l&rsquo;humidit\u00e9 et de la chaleur au froid.<\/li>\n<li>\u00c9vitez les endroits o\u00f9 l&rsquo;on s&rsquo;installe confortablement avec des radiateurs ou o\u00f9 l&rsquo;on se pr\u00e9lasse au soleil. Votre compagnon de bois n&rsquo;est pas un adepte du bronzage.<\/li>\n<li>\u00c9vitez les espaces \u00e9touffants, semblables \u00e0 des saunas. Le bois n&rsquo;aime pas la sueur.<\/li>\n<\/ul>\n<p><strong>Qu&rsquo;en est-il de l&rsquo;ext\u00e9rieur ?<\/strong><\/p>\n<ul>\n<li>Vous pouvez certainement l&#8217;emmener \u00e0 l&rsquo;ext\u00e9rieur. Apr\u00e8s tout, ce bois \u00e9tait utilis\u00e9 comme poutres dans les temples chinois et a v\u00e9ritablement r\u00e9sist\u00e9 \u00e0 l&rsquo;\u00e9preuve du temps MAIS&#8230;. Gardez \u00e0 l&rsquo;esprit qu&rsquo;il n&rsquo;est pas tr\u00e8s sensible aux conditions m\u00e9t\u00e9orologiques extr\u00eames. Si vous disposez d&rsquo;un endroit confortable \u00e0 l&rsquo;ext\u00e9rieur qui est non seulement ombrag\u00e9 mais qui tient \u00e9galement la pluie \u00e0 distance, vous avez tout ce qu&rsquo;il vous faut. C&rsquo;est un peu comme trouver l&rsquo;endroit id\u00e9al pour un pique-nique &#8211; vous devez \u00eatre \u00e0 l&rsquo;ombre du soleil et avoir un bon arbre au-dessus de votre t\u00eate pour vous prot\u00e9ger des averses surprises. Ainsi, votre ami en bois reste heureux et en bonne sant\u00e9, \u00e0 l&rsquo;abri des rayons du soleil et de la pluie.<\/li>\n<\/ul>\n<p><strong>Garder la t\u00eate froide :<\/strong><\/p>\n<ul>\n<li>Pour que votre compagnon en bois reste \u00e9l\u00e9gant, offrez-lui une journ\u00e9e de spa avec de la cire d&rsquo;abeille naturelle ou de la cire d&rsquo;antiquaire de l&rsquo;ancienne \u00e9cole, environ une fois par mois. C&rsquo;est comme un milk-shake pour le bois, qui reste lisse et brillant.<\/li>\n<\/ul>\n<p>&nbsp;<\/p>\n","protected":false},"excerpt":{"rendered":"<p>Parlons de cette b\u00eate ici &#8211; un mannequin de bois sur un cadre autoportant (c&rsquo;est un peu fort de caf\u00e9 \ud83d\ude42 ). Imaginez : vous \u00eates dans votre garage, votre sous-sol ou votre chambre d&rsquo;amis, la sueur coule, l&rsquo;adr\u00e9naline monte, et voil\u00e0 le mannequin de bois qui se dresse fi\u00e8rement, pr\u00eat \u00e0 passer \u00e0 l&rsquo;action. [&hellip;]<\/p>\n","protected":false},"featured_media":0,"template":"","meta":{"_acf_changed":false},"product_cat":[61],"product_tag":[],"class_list":{"0":"post-691","1":"product","2":"type-product","3":"status-publish","5":"product_cat-wing-chun-dummies-fr","7":"first","8":"instock","9":"taxable","10":"shipping-taxable","11":"purchasable","12":"product-type-simple"},"acf":[],"_links":{"self":[{"href":"https:\/\/wingchunmind.com\/fr\/wp-json\/wp\/v2\/product\/691","targetHints":{"allow":["GET"]}}],"collection":[{"href":"https:\/\/wingchunmind.com\/fr\/wp-json\/wp\/v2\/product"}],"about":[{"href":"https:\/\/wingchunmind.com\/fr\/wp-json\/wp\/v2\/types\/product"}],"wp:attachment":[{"href":"https:\/\/wingchunmind.com\/fr\/wp-json\/wp\/v2\/media?parent=691"}],"wp:term":[{"taxonomy":"product_cat","embeddable":true,"href":"https:\/\/wingchunmind.com\/fr\/wp-json\/wp\/v2\/product_cat?post=691"},{"taxonomy":"product_tag","embeddable":true,"href":"https:\/\/wingchunmind.com\/fr\/wp-json\/wp\/v2\/product_tag?post=691"}],"curies":[{"name":"wp","href":"https:\/\/api.w.org\/{rel}","templated":true}]}}