{"id":699,"date":"2024-04-04T14:04:05","date_gmt":"2024-04-04T14:04:05","guid":{"rendered":"https:\/\/wingchunmind.com\/product\/mannequin-en-bois-a-fixer-au-mur-vernis-noir\/"},"modified":"2024-07-26T12:22:08","modified_gmt":"2024-07-26T12:22:08","slug":"mannequin-en-bois-a-fixer-au-mur-vernis-noir","status":"publish","type":"product","link":"https:\/\/wingchunmind.com\/fr\/produit\/mannequin-en-bois-a-fixer-au-mur-vernis-noir\/","title":{"rendered":"Mannequin en bois \u00e0 fixer au mur (vernis noir)"},"content":{"rendered":"<div class=\"flex flex-grow flex-col max-w-full\">\n<div class=\"min-h-[20px] text-message flex flex-col items-start whitespace-pre-wrap break-words [.text-message+&amp;]:mt-5 juice:w-full juice:items-end overflow-x-auto gap-2\" dir=\"auto\" data-message-author-role=\"assistant\" data-message-id=\"c1f96a34-3b18-423f-9b5f-ff93f919ab31\">\n<div class=\"flex w-full flex-col gap-1 juice:empty:hidden juice:first:pt-[3px]\">\n<div class=\"markdown prose w-full break-words dark:prose-invert dark\">\n<p>Si vous avez d\u00e9j\u00e0 song\u00e9 \u00e0 vous procurer un mannequin de Wing Chun en bois, vous allez \u00eatre combl\u00e9.<\/p>\n<p>Tout d&rsquo;abord, si vous \u00eates un adepte s\u00e9rieux du Wing Chun ou m\u00eame des arts martiaux chinois en g\u00e9n\u00e9ral, un mannequin de bois est comme votre partenaire silencieux, pr\u00eat \u00e0 prendre une racl\u00e9e \u00e0 tout moment. Il ne s&rsquo;agit pas seulement d&rsquo;un poteau en bois avec des bras, mais d&rsquo;un outil pour perfectionner votre technique, votre timing et votre pr\u00e9cision. Croyez-moi, il y a quelque chose d&rsquo;incroyablement satisfaisant dans le fait de r\u00e9ussir le coup parfait.<\/p>\n<p>Quand j&rsquo;ai eu mon mannequin, je l&rsquo;ai appel\u00e9 Charlie. <span class=\"BxUVEf ILfuVd\" lang=\"en\"><br \/>\n  <span class=\"hgKElc\">\ud83d\ude01<\/span><br \/>\n<\/span><\/p>\n<p>Cela peut para\u00eetre idiot, mais le fait de lui donner un nom a rendu l&rsquo;exp\u00e9rience plus personnelle. L&rsquo;entra\u00eenement avec Charlie n&rsquo;\u00e9tait pas qu&rsquo;une simple pratique, c&rsquo;\u00e9tait devenu une sorte de rituel quotidien. Chaque session \u00e9tait l&rsquo;occasion de m&rsquo;am\u00e9liorer, de me d\u00e9passer. Et oui, il y a eu des jours o\u00f9 Charlie a sembl\u00e9 se d\u00e9fendre, me laissant avec des douleurs et un ego endolori. Mais chaque blessure est une le\u00e7on, chaque erreur un pas vers la ma\u00eetrise.<\/p>\n<p>Un mannequin de bois n&rsquo;est pas seulement un objet de pr\u00e9sentation ; il s&rsquo;agit d&rsquo;un entra\u00eenement fonctionnel. Lorsque vous travaillez vos frappes, vos blocages et vos coups de pied, vous avez besoin de ce retour d&rsquo;information r\u00e9aliste. Les bras et les jambes du mannequin simulent un v\u00e9ritable adversaire, ce qui vous permet de vous entra\u00eener aux angles et aux distances. Et soyons honn\u00eates, c&rsquo;est bien plus amusant et sexy que le shadowboxing.<\/p>\n<p>Ou avez-vous d\u00e9j\u00e0 oubli\u00e9 cette sc\u00e8ne embl\u00e9matique ?<\/p>\n<p style=\"text-align: center;\"><div class=\"lyte-wrapper fourthree\" style=\"width:420px;max-width:100%;margin:5px;\"><div class=\"lyMe qsa_\\&amp;start\\=15\" id=\"WYL_HbwC8zBBtfI\"><div id=\"lyte_HbwC8zBBtfI\" data-src=\"\/\/i.ytimg.com\/vi\/HbwC8zBBtfI\/hqdefault.jpg\" class=\"pL\"><div class=\"tC\"><div class=\"tT\"><\/div><\/div><div class=\"play\"><\/div><div class=\"ctrl\"><div class=\"Lctrl\"><\/div><div class=\"Rctrl\"><\/div><\/div><\/div><noscript><a href=\"https:\/\/youtu.be\/HbwC8zBBtfI\" rel=\"nofollow\"><img loading=\"lazy\" decoding=\"async\" src=\"https:\/\/i.ytimg.com\/vi\/HbwC8zBBtfI\/0.jpg\" alt=\"YouTube video thumbnail\" width=\"420\" height=\"295\" \/><br \/>Lire cette vid\u00e9o sur YouTube<\/a><\/noscript><\/div><\/div><div class=\"lL\" style=\"max-width:100%;width:420px;margin:5px;\"><\/div><\/p>\n<p>Vous n&rsquo;avez pas besoin d&rsquo;une installation sophistiqu\u00e9e pour commencer. Le mien est install\u00e9 dans le garage, juste entre la tondeuse \u00e0 gazon et les vieilles d\u00e9corations de No\u00ebl. L&rsquo;endroit o\u00f9 vous vous entra\u00eenez n&rsquo;a pas d&rsquo;importance, tant que vous y consacrez du temps. Si vous avez de l&rsquo;espace pour balancer vos bras, vous avez de l&rsquo;espace pour un mannequin.<\/p>\n<p>Parlons de durabilit\u00e9. Ces objets sont con\u00e7us pour durer. En fait, depuis 15 ans que nous fabriquons ces produits, aucun ne s&rsquo;est cass\u00e9.<\/p>\n<p>Il s&rsquo;agit d&rsquo;un investissement unique qui est rentabilis\u00e9 \u00e0 chaque fois que vous l&rsquo;utilisez. Et si vous devez le d\u00e9placer, la plupart des mod\u00e8les sont faciles \u00e0 d\u00e9monter et \u00e0 transporter.<\/p>\n<p>Abordons maintenant l&rsquo;\u00e9l\u00e9phant dans la pi\u00e8ce : le prix. Certes, ce n&rsquo;est pas l&rsquo;\u00e9quipement le moins cher, mais pensez \u00e0 ce que vous obtenez. Ce n&rsquo;est pas seulement un outil d&rsquo;entra\u00eenement ; c&rsquo;est un mentor qui ne r\u00e9pond pas, un partenaire d&rsquo;entra\u00eenement toujours disponible et un morceau de l&rsquo;histoire des arts martiaux que vous pouvez poss\u00e9der. De plus, vous \u00e9conomiserez les d\u00e9placements au dojo &#8211; c&rsquo;est votre dojo.<\/p>\n<p>Croyez-moi, votre futur moi, avec ses comp\u00e9tences plus aiguis\u00e9es et sa rapidit\u00e9, vous remerciera. Et qui sait, vous pourriez m\u00eame donner un nom au v\u00f4tre <span class=\"BxUVEf ILfuVd\" lang=\"en\"><br \/>\n  <span class=\"hgKElc\">\ud83d\ude09<\/span><br \/>\n<\/span><\/p>\n<p>&nbsp;<\/p>\n<h2>L&rsquo;\u00e9laboration d&rsquo;un projet<\/h2>\n<p>Imaginez ceci : un morceau d&rsquo;histoire ancienne, directement chez vous. Ces pi\u00e8ces en bois d&rsquo;orme sont fabriqu\u00e9es \u00e0 partir de bois r\u00e9cup\u00e9r\u00e9 dans d&rsquo;anciens temples chinois, chacun d&rsquo;entre eux \u00e9tant charg\u00e9 d&rsquo;histoires des si\u00e8cles pass\u00e9s. Le bois d&rsquo;orme n&rsquo;est peut-\u00eatre pas le plus exotique, mais il a la r\u00e9putation d&rsquo;\u00eatre r\u00e9sistant et fiable.<\/p>\n<p>Lorsque vous ramenez l&rsquo;une de ces pi\u00e8ces chez vous, vous n&rsquo;obtenez pas seulement un meuble solide, vous ajoutez une tranche d&rsquo;histoire ancienne \u00e0 votre espace. Certes, le bois peut pr\u00e9senter quelques imperfections, mais cela fait partie de son charme. Ces marques racontent une histoire et donnent du caract\u00e8re, sans compromettre la qualit\u00e9 ou la durabilit\u00e9.<\/p>\n<p>Consid\u00e9rez ces petits d\u00e9fauts comme un t\u00e9moignage du voyage du bois \u00e0 travers le temps. C&rsquo;est comme si vous poss\u00e9diez un morceau d&rsquo;histoire dot\u00e9 d&rsquo;une personnalit\u00e9 unique. Que vous les placiez dans votre salon, votre bureau ou m\u00eame votre cuisine, ces pi\u00e8ces en bois d&rsquo;orme s&rsquo;int\u00e8grent parfaitement et apportent une touche unique.<\/p>\n<p>Imaginez un peu : vos amis viennent vous voir et vous mentionnez avec d\u00e9sinvolture que votre nouveau meuble provient d&rsquo;un temple chinois vieux de plusieurs si\u00e8cles. Instantan\u00e9ment, il devient le point fort de la conversation ! De plus, il s&rsquo;agit d&rsquo;un choix \u00e9cologique qui donne une nouvelle utilit\u00e9 au vieux bois.<\/p>\n<p>Par cons\u00e9quent, si vous recherchez quelque chose de durable avec une histoire riche, ces pi\u00e8ces en bois d&rsquo;orme sont parfaites. Ce ne sont pas de simples meubles, ce sont des pi\u00e8ces d&rsquo;histoire pr\u00eates \u00e0 faire partie de votre maison.<\/p>\n<p>&nbsp;<\/p>\n<\/div>\n<\/div>\n<\/div>\n<\/div>\n<p>&nbsp;<\/p>\n<h2><strong>Conseils d&rsquo;entretien et de rangement pour votre acolyte en bois<\/strong><\/h2>\n<p><strong>O\u00f9 garer votre copain :<\/strong><\/p>\n<ul>\n<li>Trouvez un endroit confortable o\u00f9 l&rsquo;air est agr\u00e9able, id\u00e9alement l\u00e0 o\u00f9 le thermom\u00e8tre oscille entre 12 et 21 degr\u00e9s Celsius.<\/li>\n<li>Gardez-le \u00e0 l&rsquo;\u00e9cart des pi\u00e8ces lunatiques o\u00f9 l&rsquo;air n&rsquo;arrive pas \u00e0 se d\u00e9cider, passant de la s\u00e9cheresse \u00e0 l&rsquo;humidit\u00e9 et de la chaleur au froid.<\/li>\n<li>\u00c9vitez les endroits o\u00f9 l&rsquo;on s&rsquo;installe confortablement avec des radiateurs ou o\u00f9 l&rsquo;on se pr\u00e9lasse au soleil. Votre compagnon de bois n&rsquo;est pas un adepte du bronzage.<\/li>\n<li>\u00c9vitez les espaces \u00e9touffants, semblables \u00e0 des saunas. Le bois n&rsquo;aime pas la sueur.<\/li>\n<\/ul>\n<p><strong>Qu&rsquo;en est-il de l&rsquo;ext\u00e9rieur ?<\/strong><\/p>\n<ul>\n<li>Vous pouvez certainement l&#8217;emmener \u00e0 l&rsquo;ext\u00e9rieur. Apr\u00e8s tout, ce bois \u00e9tait utilis\u00e9 comme poutres dans les temples chinois et a v\u00e9ritablement r\u00e9sist\u00e9 \u00e0 l&rsquo;\u00e9preuve du temps MAIS&#8230;. Gardez \u00e0 l&rsquo;esprit qu&rsquo;il n&rsquo;est pas tr\u00e8s sensible aux conditions m\u00e9t\u00e9orologiques extr\u00eames. Si vous disposez d&rsquo;un endroit confortable \u00e0 l&rsquo;ext\u00e9rieur qui est non seulement ombrag\u00e9 mais qui tient \u00e9galement la pluie \u00e0 distance, vous avez tout ce qu&rsquo;il vous faut. C&rsquo;est un peu comme trouver l&rsquo;endroit id\u00e9al pour un pique-nique &#8211; vous devez \u00eatre \u00e0 l&rsquo;ombre du soleil et avoir un bon arbre au-dessus de votre t\u00eate pour vous prot\u00e9ger des averses surprises. Ainsi, votre ami en bois reste heureux et en bonne sant\u00e9, \u00e0 l&rsquo;abri des rayons du soleil et de la pluie.<\/li>\n<\/ul>\n<p><strong>Garder la t\u00eate froide :<\/strong><\/p>\n<ul>\n<li>Pour que votre compagnon en bois reste \u00e9l\u00e9gant, offrez-lui une journ\u00e9e de spa avec de la cire d&rsquo;abeille naturelle ou de la cire d&rsquo;antiquaire de l&rsquo;ancienne \u00e9cole, environ une fois par mois. C&rsquo;est comme un milk-shake pour le bois, qui reste lisse et brillant.<\/li>\n<\/ul>\n<p>&nbsp;<\/p>\n","protected":false},"excerpt":{"rendered":"<p>Si vous avez d\u00e9j\u00e0 song\u00e9 \u00e0 vous procurer un mannequin de Wing Chun en bois, vous allez \u00eatre combl\u00e9. Tout d&rsquo;abord, si vous \u00eates un adepte s\u00e9rieux du Wing Chun ou m\u00eame des arts martiaux chinois en g\u00e9n\u00e9ral, un mannequin de bois est comme votre partenaire silencieux, pr\u00eat \u00e0 prendre une racl\u00e9e \u00e0 tout moment. [&hellip;]<\/p>\n","protected":false},"featured_media":0,"template":"","meta":{"_acf_changed":false},"product_cat":[61],"product_tag":[],"class_list":{"0":"post-699","1":"product","2":"type-product","3":"status-publish","5":"product_cat-wing-chun-dummies-fr","7":"first","8":"instock","9":"sale","10":"taxable","11":"shipping-taxable","12":"purchasable","13":"product-type-simple"},"acf":[],"_links":{"self":[{"href":"https:\/\/wingchunmind.com\/fr\/wp-json\/wp\/v2\/product\/699","targetHints":{"allow":["GET"]}}],"collection":[{"href":"https:\/\/wingchunmind.com\/fr\/wp-json\/wp\/v2\/product"}],"about":[{"href":"https:\/\/wingchunmind.com\/fr\/wp-json\/wp\/v2\/types\/product"}],"wp:attachment":[{"href":"https:\/\/wingchunmind.com\/fr\/wp-json\/wp\/v2\/media?parent=699"}],"wp:term":[{"taxonomy":"product_cat","embeddable":true,"href":"https:\/\/wingchunmind.com\/fr\/wp-json\/wp\/v2\/product_cat?post=699"},{"taxonomy":"product_tag","embeddable":true,"href":"https:\/\/wingchunmind.com\/fr\/wp-json\/wp\/v2\/product_tag?post=699"}],"curies":[{"name":"wp","href":"https:\/\/api.w.org\/{rel}","templated":true}]}}