{"id":727,"date":"2024-03-03T21:29:20","date_gmt":"2024-03-03T21:29:20","guid":{"rendered":"https:\/\/wingchunmind.com\/product\/mannequin-en-bois-sur-trepied\/"},"modified":"2024-07-26T12:22:16","modified_gmt":"2024-07-26T12:22:16","slug":"mannequin-en-bois-sur-trepied","status":"publish","type":"product","link":"https:\/\/wingchunmind.com\/fr\/produit\/mannequin-en-bois-sur-trepied\/","title":{"rendered":"Mannequin en bois sur tr\u00e9pied"},"content":{"rendered":"<p>L&rsquo;entra\u00eenement avec un mannequin de bois n&rsquo;est pas seulement une question de spectacle. Il s&rsquo;agit d&rsquo;affiner vos r\u00e9flexes, de perfectionner vos techniques, votre vitesse et d&rsquo;ancrer ces mouvements dans votre m\u00e9moire musculaire. Ce mannequin en bois est votre partenaire silencieux, il absorbe tous les coups sans la moindre plainte.<\/p>\n<p>Fabriqu\u00e9 en bois ancien, ce mannequin peut r\u00e9sister \u00e0 des s\u00e9ances d&rsquo;entra\u00eenement acharn\u00e9es, refl\u00e9tant votre engagement \u00e0 ma\u00eetriser les arts martiaux. Le rembourrage (gratuit) du mannequin agit comme une armure souple, prot\u00e9geant le bois des dommages et vos mains des meurtrissures inutiles. Il s&rsquo;agit de rendre votre pratique aussi efficace et s\u00fbre que possible.<\/p>\n<p>Imaginez maintenant que vous travaillez vos techniques de Wing Chun. Lorsque vous vous entra\u00eenez \u00e0 encha\u00eener des coups de poing, vous sentez le rythme et la fluidit\u00e9 du contact de vos poings. Les bras et les jambes du mannequin simulent un v\u00e9ritable adversaire, ce qui vous permet d&rsquo;affiner vos mouvements. Ou peut-\u00eatre \u00eates-vous un adepte du Jeet Kune Do, qui vous permet de canaliser le Bruce Lee qui sommeille en vous. Le mannequin en bois vous aide \u00e0 am\u00e9liorer votre vitesse, votre pr\u00e9cision et votre puissance, transformant ainsi votre entra\u00eenement en quelque chose d&rsquo;extraordinaire.<\/p>\n<p>Vous pouvez vous contenter de faire du shadow boxing ou attendre qu&rsquo;un partenaire d&rsquo;entra\u00eenement soit disponible. Mais un mannequin de bois ? Il est toujours l\u00e0, pr\u00eat quand vous l&rsquo;\u00eates. C&rsquo;est comme avoir un partenaire d&rsquo;entra\u00eenement infatigable qui n&rsquo;a jamais besoin d&rsquo;une pause et qui vous pousse toujours \u00e0 faire mieux.<\/p>\n<p>Ne me croyez pas sur parole. Faites l&rsquo;exp\u00e9rience des avantages par vous-m\u00eame. Que vous soyez un pratiquant d&rsquo;arts martiaux chevronn\u00e9 ou que vous d\u00e9butiez, ce mannequin en bois sur tr\u00e9pied est un investissement pour votre entra\u00eenement.<\/p>\n<p>Ce mannequin en bois n&rsquo;est pas un simple \u00e9quipement, c&rsquo;est un partenaire d&rsquo;entra\u00eenement. (et un tr\u00e8s bel objet de d\u00e9coration dans votre maison \ud83d\ude09 ) Pr\u00e9parez-vous \u00e0 \u00e9lever vos comp\u00e9tences \u00e0 un niveau sup\u00e9rieur avec un mannequin en bois con\u00e7u pour vous aider \u00e0 r\u00e9ussir.<\/p>\n<p>&nbsp;<\/p>\n<h2>A propos de la construction<\/h2>\n<p>Imaginez que vous rameniez chez vous un morceau d&rsquo;histoire, tout droit sorti des anciens temples chinois. C&rsquo;est ce que vous obtiendrez avec ces pi\u00e8ces en bois d&rsquo;orme. Chacune d&rsquo;entre elles est remplie d&rsquo;histoires des si\u00e8cles pass\u00e9s, pr\u00eates \u00e0 donner du caract\u00e8re et de la profondeur \u00e0 votre espace. L&rsquo;orme n&rsquo;est peut-\u00eatre pas le bois le plus \u00e9l\u00e9gant qui soit, mais il a du cran et a prouv\u00e9 sa r\u00e9sistance au fil du temps.<\/p>\n<p>En vous procurant l&rsquo;un d&rsquo;entre eux, vous ne vous contentez pas d&rsquo;acqu\u00e9rir un \u00e9quipement robuste, vous vous emparez d&rsquo;une tranche d&rsquo;histoire ancienne. Bien s\u00fbr, le bois peut pr\u00e9senter quelques bizarreries et imperfections, mais cela ajoute au charme sans compromettre la qualit\u00e9 ou la durabilit\u00e9.<\/p>\n<p>Pensez-y comme suit : ces petites imperfections sont des insignes d&rsquo;honneur qui t\u00e9moignent du voyage du bois \u00e0 travers le temps. Et soyons r\u00e9alistes, qui n&rsquo;aime pas une pi\u00e8ce avec un peu d&rsquo;histoire ? Que vous souhaitiez am\u00e9nager votre salon, donner du cachet \u00e0 votre bureau ou m\u00eame donner une touche unique \u00e0 votre cuisine, ces pi\u00e8ces en bois d&rsquo;orme s&rsquo;int\u00e8grent parfaitement.<\/p>\n<p>Imaginez : vos amis viennent vous voir et vous mentionnez avec d\u00e9sinvolture que votre nouveau produit provient d&rsquo;un temple chinois vieux de plusieurs si\u00e8cles. Un sujet de conversation instantan\u00e9 ! Sans oublier qu&rsquo;il s&rsquo;agit d&rsquo;un produit \u00e9cologique et durable, qui redonne une seconde vie au vieux bois.<\/p>\n<p>Si vous souhaitez combiner durabilit\u00e9 et histoire, et ajouter une touche d&rsquo;originalit\u00e9 \u00e0 votre maison, ces pi\u00e8ces en bois d&rsquo;orme sont faites pour vous. Ce ne sont pas de simples meubles, ce sont des histoires qui ne demandent qu&rsquo;\u00e0 \u00eatre racont\u00e9es.<\/p>\n<p>&nbsp;<\/p>\n<p>&nbsp;<\/p>\n<h2><strong>Conseils d&rsquo;entretien et de rangement pour votre acolyte en bois<\/strong><\/h2>\n<p><strong>O\u00f9 garer votre copain :<\/strong><\/p>\n<ul>\n<li>Trouvez un endroit confortable o\u00f9 l&rsquo;air est agr\u00e9able, id\u00e9alement l\u00e0 o\u00f9 le thermom\u00e8tre oscille entre 12 et 21 degr\u00e9s Celsius.<\/li>\n<li>Gardez-le \u00e0 l&rsquo;\u00e9cart des pi\u00e8ces lunatiques o\u00f9 l&rsquo;air n&rsquo;arrive pas \u00e0 se d\u00e9cider, passant de la s\u00e9cheresse \u00e0 l&rsquo;humidit\u00e9 et de la chaleur au froid.<\/li>\n<li>\u00c9vitez les endroits o\u00f9 les chauffages sont trop confortables ou qui se pr\u00e9lassent sous les rayons du soleil. Votre compagnon de bois n&rsquo;est pas un adepte du bronzage.<\/li>\n<li>\u00c9vitez les espaces \u00e9touffants, semblables \u00e0 des saunas. Le bois n&rsquo;aime pas la sueur.<\/li>\n<\/ul>\n<p><strong>Qu&rsquo;en est-il de l&rsquo;ext\u00e9rieur ?<\/strong><\/p>\n<ul>\n<li>Vous pouvez certainement l&#8217;emmener \u00e0 l&rsquo;ext\u00e9rieur. Apr\u00e8s tout, ce bois \u00e9tait utilis\u00e9 comme poutres dans les temples chinois et a v\u00e9ritablement r\u00e9sist\u00e9 \u00e0 l&rsquo;\u00e9preuve du temps MAIS&#8230;. Gardez \u00e0 l&rsquo;esprit qu&rsquo;il n&rsquo;est pas tr\u00e8s sensible aux conditions m\u00e9t\u00e9orologiques extr\u00eames. Si vous disposez d&rsquo;un endroit confortable \u00e0 l&rsquo;ext\u00e9rieur qui est non seulement ombrag\u00e9 mais qui tient \u00e9galement la pluie \u00e0 distance, vous avez tout ce qu&rsquo;il vous faut. C&rsquo;est un peu comme trouver l&rsquo;endroit id\u00e9al pour un pique-nique &#8211; vous devez \u00eatre \u00e0 l&rsquo;ombre du soleil et avoir un bon arbre au-dessus de votre t\u00eate pour vous prot\u00e9ger des averses surprises. Ainsi, votre ami en bois reste heureux et en bonne sant\u00e9, \u00e0 l&rsquo;abri des rayons du soleil et de la pluie.<\/li>\n<\/ul>\n<p><strong>Garder la t\u00eate froide :<\/strong><\/p>\n<ul>\n<li>Pour que votre compagnon en bois reste \u00e9l\u00e9gant, offrez-lui une journ\u00e9e de spa avec de la cire d&rsquo;abeille naturelle ou de la cire d&rsquo;antiquaire de l&rsquo;ancienne \u00e9cole, environ une fois par mois. C&rsquo;est comme un milk-shake pour le bois, qui reste lisse et brillant.<\/li>\n<\/ul>\n<p>&nbsp;<\/p>\n","protected":false},"excerpt":{"rendered":"<p>L&rsquo;entra\u00eenement avec un mannequin de bois n&rsquo;est pas seulement une question de spectacle. Il s&rsquo;agit d&rsquo;affiner vos r\u00e9flexes, de perfectionner vos techniques, votre vitesse et d&rsquo;ancrer ces mouvements dans votre m\u00e9moire musculaire. Ce mannequin en bois est votre partenaire silencieux, il absorbe tous les coups sans la moindre plainte. Fabriqu\u00e9 en bois ancien, ce mannequin [&hellip;]<\/p>\n","protected":false},"featured_media":0,"template":"","meta":{"_acf_changed":false},"product_cat":[61],"product_tag":[],"class_list":{"0":"post-727","1":"product","2":"type-product","3":"status-publish","5":"product_cat-wing-chun-dummies-fr","7":"first","8":"instock","9":"taxable","10":"shipping-taxable","11":"purchasable","12":"product-type-simple"},"acf":[],"_links":{"self":[{"href":"https:\/\/wingchunmind.com\/fr\/wp-json\/wp\/v2\/product\/727","targetHints":{"allow":["GET"]}}],"collection":[{"href":"https:\/\/wingchunmind.com\/fr\/wp-json\/wp\/v2\/product"}],"about":[{"href":"https:\/\/wingchunmind.com\/fr\/wp-json\/wp\/v2\/types\/product"}],"wp:attachment":[{"href":"https:\/\/wingchunmind.com\/fr\/wp-json\/wp\/v2\/media?parent=727"}],"wp:term":[{"taxonomy":"product_cat","embeddable":true,"href":"https:\/\/wingchunmind.com\/fr\/wp-json\/wp\/v2\/product_cat?post=727"},{"taxonomy":"product_tag","embeddable":true,"href":"https:\/\/wingchunmind.com\/fr\/wp-json\/wp\/v2\/product_tag?post=727"}],"curies":[{"name":"wp","href":"https:\/\/api.w.org\/{rel}","templated":true}]}}